{"id":44623,"date":"2022-07-08T12:08:20","date_gmt":"2022-07-08T10:08:20","guid":{"rendered":"https:\/\/escofetoliver.com\/?post_type=product&#038;p=44623"},"modified":"2025-01-02T09:35:51","modified_gmt":"2025-01-02T08:35:51","slug":"escarola-maresme","status":"publish","type":"product","link":"https:\/\/escofetoliver.com\/es\/tienda\/frutas-verduras\/verdura-es\/escarola-maresme\/","title":{"rendered":"Escarola &#8216;Coraz\u00f3n&#8217; del Maresme &#8211; 1 bolsa &#8211; 150 g"},"content":{"rendered":"<p>\u00a1Tierno y crujiente! As\u00ed es el<strong> coraz\u00f3n de escarola<\/strong>. Es genial para acompa\u00f1ar tus ensaladas y hacerlas deliciosas. Adem\u00e1s, viene ya limpia y lista para servir. \u00bfA qu\u00e9 es c\u00f3modo?<\/p>\n<p>En esta bolsita te vienen entre 1 y 2 raciones, seg\u00fan lo que comas. Te recomendamos que le a\u00f1adas unas nueces, unas pasas y un toque de salsa C\u00e9sar.<\/p>\n","protected":false},"excerpt":{"rendered":"<p>1 bolsa de escarola &#8216;Coraz\u00f3n&#8217; del Maresme de 150 g en total<\/p>\n","protected":false},"featured_media":44624,"comment_status":"open","ping_status":"closed","template":"","meta":{"_acf_changed":false},"product_brand":[],"product_cat":[9096,9928],"product_tag":[9240,9247,9248,9250,9251,9252,7495,9623,8120,9624,8338,9625,9626],"class_list":{"0":"post-44623","1":"product","2":"type-product","3":"status-publish","4":"has-post-thumbnail","6":"product_cat-frutas-verduras","7":"product_cat-verdura-es","8":"product_tag-fruites-i-verdures-es","9":"product_tag-fruites","10":"product_tag-frutas-y-verduras","11":"product_tag-fresc","12":"product_tag-fruit","13":"product_tag-carniseria-escofet-oliver-es","14":"product_tag-escofet-oliver-es","15":"product_tag-escarola","16":"product_tag-frutas-es","17":"product_tag-escarola-del-maresme","18":"product_tag-natural-es","19":"product_tag-escarola-corazon-del-maresme","20":"product_tag-escarola-corazon","21":"product_shipping_class-entrega-en-domicilio","23":"first","24":"instock","25":"taxable","26":"shipping-taxable","27":"purchasable","28":"product-type-simple"},"acf":[],"_links":{"self":[{"href":"https:\/\/escofetoliver.com\/es\/wp-json\/wp\/v2\/product\/44623","targetHints":{"allow":["GET"]}}],"collection":[{"href":"https:\/\/escofetoliver.com\/es\/wp-json\/wp\/v2\/product"}],"about":[{"href":"https:\/\/escofetoliver.com\/es\/wp-json\/wp\/v2\/types\/product"}],"replies":[{"embeddable":true,"href":"https:\/\/escofetoliver.com\/es\/wp-json\/wp\/v2\/comments?post=44623"}],"wp:featuredmedia":[{"embeddable":true,"href":"https:\/\/escofetoliver.com\/es\/wp-json\/wp\/v2\/media\/44624"}],"wp:attachment":[{"href":"https:\/\/escofetoliver.com\/es\/wp-json\/wp\/v2\/media?parent=44623"}],"wp:term":[{"taxonomy":"product_brand","embeddable":true,"href":"https:\/\/escofetoliver.com\/es\/wp-json\/wp\/v2\/product_brand?post=44623"},{"taxonomy":"product_cat","embeddable":true,"href":"https:\/\/escofetoliver.com\/es\/wp-json\/wp\/v2\/product_cat?post=44623"},{"taxonomy":"product_tag","embeddable":true,"href":"https:\/\/escofetoliver.com\/es\/wp-json\/wp\/v2\/product_tag?post=44623"}],"curies":[{"name":"wp","href":"https:\/\/api.w.org\/{rel}","templated":true}]}}