{"id":44614,"date":"2022-07-08T12:00:17","date_gmt":"2022-07-08T10:00:17","guid":{"rendered":"https:\/\/escofetoliver.com\/?post_type=product&#038;p=44614"},"modified":"2026-04-14T09:26:09","modified_gmt":"2026-04-14T07:26:09","slug":"berenjena-lila","status":"publish","type":"product","link":"https:\/\/escofetoliver.com\/es\/tienda\/frutas-verduras\/verdura-es\/berenjena-lila\/","title":{"rendered":"Berenjena lila &#8211; 2 unidades &#8211; 680 g"},"content":{"rendered":"<p>La<strong> berenjena<\/strong> es un buen alimento, interesante si la hacemos gratinada o para crema, aunque tambi\u00e9n podemos preparar lasa\u00f1a.<\/p>\n<p>Nos aporta vitamina (A, B1, B2 y C) y sales minerales, y nos ayuda en la calcificaci\u00f3n de los huesos y la cicatrizaci\u00f3n de las \u00falceras.<\/p>\n","protected":false},"excerpt":{"rendered":"<p>5 berenjenas lilas de 1 kg en total<\/p>\n","protected":false},"featured_media":44615,"comment_status":"open","ping_status":"closed","template":"","meta":{"_acf_changed":false},"product_brand":[],"product_cat":[9096,9928],"product_tag":[9251,9252,7495,8120,8338,9240,9247,9248,9250],"class_list":{"0":"post-44614","1":"product","2":"type-product","3":"status-publish","4":"has-post-thumbnail","6":"product_cat-frutas-verduras","7":"product_cat-verdura-es","8":"product_tag-fruit","9":"product_tag-carniseria-escofet-oliver-es","10":"product_tag-escofet-oliver-es","11":"product_tag-frutas-es","12":"product_tag-natural-es","13":"product_tag-fruites-i-verdures-es","14":"product_tag-fruites","15":"product_tag-frutas-y-verduras","16":"product_tag-fresc","17":"product_shipping_class-entrega-en-domicilio","18":"pa_preciokg-420-es","20":"first","21":"instock","22":"taxable","23":"shipping-taxable","24":"purchasable","25":"product-type-simple"},"acf":[],"_links":{"self":[{"href":"https:\/\/escofetoliver.com\/es\/wp-json\/wp\/v2\/product\/44614","targetHints":{"allow":["GET"]}}],"collection":[{"href":"https:\/\/escofetoliver.com\/es\/wp-json\/wp\/v2\/product"}],"about":[{"href":"https:\/\/escofetoliver.com\/es\/wp-json\/wp\/v2\/types\/product"}],"replies":[{"embeddable":true,"href":"https:\/\/escofetoliver.com\/es\/wp-json\/wp\/v2\/comments?post=44614"}],"wp:featuredmedia":[{"embeddable":true,"href":"https:\/\/escofetoliver.com\/es\/wp-json\/wp\/v2\/media\/44615"}],"wp:attachment":[{"href":"https:\/\/escofetoliver.com\/es\/wp-json\/wp\/v2\/media?parent=44614"}],"wp:term":[{"taxonomy":"product_brand","embeddable":true,"href":"https:\/\/escofetoliver.com\/es\/wp-json\/wp\/v2\/product_brand?post=44614"},{"taxonomy":"product_cat","embeddable":true,"href":"https:\/\/escofetoliver.com\/es\/wp-json\/wp\/v2\/product_cat?post=44614"},{"taxonomy":"product_tag","embeddable":true,"href":"https:\/\/escofetoliver.com\/es\/wp-json\/wp\/v2\/product_tag?post=44614"}],"curies":[{"name":"wp","href":"https:\/\/api.w.org\/{rel}","templated":true}]}}