{"id":44608,"date":"2022-07-08T11:53:41","date_gmt":"2022-07-08T09:53:41","guid":{"rendered":"https:\/\/escofetoliver.com\/?post_type=product&#038;p=44608"},"modified":"2025-11-04T13:14:28","modified_gmt":"2025-11-04T12:14:28","slug":"cebolla-figueres","status":"publish","type":"product","link":"https:\/\/escofetoliver.com\/es\/tienda\/frutas-verduras\/verdura-es\/cebolla-figueres\/","title":{"rendered":"Cebolla de Figueres &#8211; 7 unidades &#8211; 1 kg"},"content":{"rendered":"<p>La <strong>cebolla de Figueras<\/strong> es perfecta para acompa\u00f1ar las ensaladas y sofritos, entre otros, por su sabor suave.<\/p>\n<p>De alto contenido vitam\u00ednico y sus sales minerales ayudan a la solidez de los huesos y la elasticidad de las arterias y su contenido en f\u00f3sforo facilita el trabajo cerebral. Su azufre ayuda a regenerar el sistema nervioso. Es un diur\u00e9tico potente.<\/p>\n","protected":false},"excerpt":{"rendered":"<p>7 cebollas de Figueres de 1 kg en total<\/p>\n","protected":false},"featured_media":44610,"comment_status":"open","ping_status":"closed","template":"","meta":{"_acf_changed":false},"product_brand":[],"product_cat":[9096,9928],"product_tag":[8338,8964,9240,9247,9248,9250,9251,7495,9252,8120],"class_list":{"0":"post-44608","1":"product","2":"type-product","3":"status-publish","4":"has-post-thumbnail","6":"product_cat-frutas-verduras","7":"product_cat-verdura-es","8":"product_tag-natural-es","9":"product_tag-cebolla-es","10":"product_tag-fruites-i-verdures-es","11":"product_tag-fruites","12":"product_tag-frutas-y-verduras","13":"product_tag-fresc","14":"product_tag-fruit","15":"product_tag-escofet-oliver-es","16":"product_tag-carniseria-escofet-oliver-es","17":"product_tag-frutas-es","18":"product_shipping_class-entrega-en-domicilio","19":"pa_preciokg-315-es","21":"first","22":"instock","23":"taxable","24":"shipping-taxable","25":"purchasable","26":"product-type-simple"},"acf":[],"_links":{"self":[{"href":"https:\/\/escofetoliver.com\/es\/wp-json\/wp\/v2\/product\/44608","targetHints":{"allow":["GET"]}}],"collection":[{"href":"https:\/\/escofetoliver.com\/es\/wp-json\/wp\/v2\/product"}],"about":[{"href":"https:\/\/escofetoliver.com\/es\/wp-json\/wp\/v2\/types\/product"}],"replies":[{"embeddable":true,"href":"https:\/\/escofetoliver.com\/es\/wp-json\/wp\/v2\/comments?post=44608"}],"wp:featuredmedia":[{"embeddable":true,"href":"https:\/\/escofetoliver.com\/es\/wp-json\/wp\/v2\/media\/44610"}],"wp:attachment":[{"href":"https:\/\/escofetoliver.com\/es\/wp-json\/wp\/v2\/media?parent=44608"}],"wp:term":[{"taxonomy":"product_brand","embeddable":true,"href":"https:\/\/escofetoliver.com\/es\/wp-json\/wp\/v2\/product_brand?post=44608"},{"taxonomy":"product_cat","embeddable":true,"href":"https:\/\/escofetoliver.com\/es\/wp-json\/wp\/v2\/product_cat?post=44608"},{"taxonomy":"product_tag","embeddable":true,"href":"https:\/\/escofetoliver.com\/es\/wp-json\/wp\/v2\/product_tag?post=44608"}],"curies":[{"name":"wp","href":"https:\/\/api.w.org\/{rel}","templated":true}]}}