{"id":44596,"date":"2022-07-08T11:34:02","date_gmt":"2022-07-08T09:34:02","guid":{"rendered":"https:\/\/escofetoliver.com\/?post_type=product&#038;p=44596"},"modified":"2025-01-02T09:35:18","modified_gmt":"2025-01-02T08:35:18","slug":"patata-mini-de-guarnicion-20-unidades-500-g","status":"publish","type":"product","link":"https:\/\/escofetoliver.com\/es\/tienda\/frutas-verduras\/verdura-es\/patata-mini-de-guarnicion-20-unidades-500-g\/","title":{"rendered":"Patata &#8216;mini&#8217; de guarnici\u00f3n &#8211; 20 unidades &#8211; 500 g"},"content":{"rendered":"<p>Las patatas mini son lo m\u00e1s vers\u00e1til que puedes encontrar: Una buena base, est\u00e9n fritas, asadas o al vapor, o como acompa\u00f1amiento. Y adem\u00e1s son ricas en potasio, componente importante para combatir la presi\u00f3n arterial alta, e hidratos de carbono, que es la fuente de energ\u00eda para el correcto funcionamiento de nuestro cuerpo.<\/p>\n","protected":false},"excerpt":{"rendered":"<p>20 patatas &#8216;mini&#8217; de guarnici\u00f3n de 500 g en total<\/p>\n","protected":false},"featured_media":44597,"comment_status":"open","ping_status":"closed","template":"","meta":{"_acf_changed":false},"product_brand":[],"product_cat":[9928,9096],"product_tag":[9251,7495,9252,8120,9596,8338,9598,8341,9599,9240,9247,9248,9250],"class_list":{"0":"post-44596","1":"product","2":"type-product","3":"status-publish","4":"has-post-thumbnail","6":"product_cat-verdura-es","7":"product_cat-frutas-verduras","8":"product_tag-fruit","9":"product_tag-escofet-oliver-es","10":"product_tag-carniseria-escofet-oliver-es","11":"product_tag-frutas-es","12":"product_tag-patata-mini-de-guarnicion","13":"product_tag-natural-es","14":"product_tag-mini","15":"product_tag-patata-es","16":"product_tag-patatas-minis","17":"product_tag-fruites-i-verdures-es","18":"product_tag-fruites","19":"product_tag-frutas-y-verduras","20":"product_tag-fresc","21":"product_shipping_class-entrega-en-domicilio","23":"first","24":"instock","25":"taxable","26":"shipping-taxable","27":"purchasable","28":"product-type-simple"},"acf":[],"_links":{"self":[{"href":"https:\/\/escofetoliver.com\/es\/wp-json\/wp\/v2\/product\/44596","targetHints":{"allow":["GET"]}}],"collection":[{"href":"https:\/\/escofetoliver.com\/es\/wp-json\/wp\/v2\/product"}],"about":[{"href":"https:\/\/escofetoliver.com\/es\/wp-json\/wp\/v2\/types\/product"}],"replies":[{"embeddable":true,"href":"https:\/\/escofetoliver.com\/es\/wp-json\/wp\/v2\/comments?post=44596"}],"wp:featuredmedia":[{"embeddable":true,"href":"https:\/\/escofetoliver.com\/es\/wp-json\/wp\/v2\/media\/44597"}],"wp:attachment":[{"href":"https:\/\/escofetoliver.com\/es\/wp-json\/wp\/v2\/media?parent=44596"}],"wp:term":[{"taxonomy":"product_brand","embeddable":true,"href":"https:\/\/escofetoliver.com\/es\/wp-json\/wp\/v2\/product_brand?post=44596"},{"taxonomy":"product_cat","embeddable":true,"href":"https:\/\/escofetoliver.com\/es\/wp-json\/wp\/v2\/product_cat?post=44596"},{"taxonomy":"product_tag","embeddable":true,"href":"https:\/\/escofetoliver.com\/es\/wp-json\/wp\/v2\/product_tag?post=44596"}],"curies":[{"name":"wp","href":"https:\/\/api.w.org\/{rel}","templated":true}]}}