{"id":44592,"date":"2022-07-08T11:26:23","date_gmt":"2022-07-08T09:26:23","guid":{"rendered":"https:\/\/escofetoliver.com\/?post_type=product&#038;p=44592"},"modified":"2025-02-04T10:25:44","modified_gmt":"2025-02-04T09:25:44","slug":"patata-roja-6-unidades-1-kg","status":"publish","type":"product","link":"https:\/\/escofetoliver.com\/es\/tienda\/frutas-verduras\/verdura-es\/patata-roja-6-unidades-1-kg\/","title":{"rendered":"Patata roja &#8211; 6 unidades &#8211; 1 kg"},"content":{"rendered":"<p>La patata roja es un buen acompa\u00f1amiento o plato principal, vers\u00e1til, que se puede probar asada o frita. Contienen vitaminas y minerales, son una fuente concentrada de energ\u00eda gracias al almid\u00f3n y aportan una cantidad significativa a la ingesta diaria de carbohidratos.<\/p>\n","protected":false},"excerpt":{"rendered":"<p>6 patatas rojas de 1 kg en total<\/p>\n","protected":false},"featured_media":44593,"comment_status":"open","ping_status":"closed","template":"","meta":{"_acf_changed":false},"product_brand":[],"product_cat":[9928,9096],"product_tag":[7495,9252,8120,9591,8338,9592,8341,9240,9247,9248,9250,9251],"class_list":{"0":"post-44592","1":"product","2":"type-product","3":"status-publish","4":"has-post-thumbnail","6":"product_cat-verdura-es","7":"product_cat-frutas-verduras","8":"product_tag-escofet-oliver-es","9":"product_tag-carniseria-escofet-oliver-es","10":"product_tag-frutas-es","11":"product_tag-roja","12":"product_tag-natural-es","13":"product_tag-patata-roja","14":"product_tag-patata-es","15":"product_tag-fruites-i-verdures-es","16":"product_tag-fruites","17":"product_tag-frutas-y-verduras","18":"product_tag-fresc","19":"product_tag-fruit","20":"product_shipping_class-entrega-en-domicilio","21":"pa_preciokg-11072","23":"first","24":"instock","25":"taxable","26":"shipping-taxable","27":"purchasable","28":"product-type-simple"},"acf":[],"_links":{"self":[{"href":"https:\/\/escofetoliver.com\/es\/wp-json\/wp\/v2\/product\/44592","targetHints":{"allow":["GET"]}}],"collection":[{"href":"https:\/\/escofetoliver.com\/es\/wp-json\/wp\/v2\/product"}],"about":[{"href":"https:\/\/escofetoliver.com\/es\/wp-json\/wp\/v2\/types\/product"}],"replies":[{"embeddable":true,"href":"https:\/\/escofetoliver.com\/es\/wp-json\/wp\/v2\/comments?post=44592"}],"wp:featuredmedia":[{"embeddable":true,"href":"https:\/\/escofetoliver.com\/es\/wp-json\/wp\/v2\/media\/44593"}],"wp:attachment":[{"href":"https:\/\/escofetoliver.com\/es\/wp-json\/wp\/v2\/media?parent=44592"}],"wp:term":[{"taxonomy":"product_brand","embeddable":true,"href":"https:\/\/escofetoliver.com\/es\/wp-json\/wp\/v2\/product_brand?post=44592"},{"taxonomy":"product_cat","embeddable":true,"href":"https:\/\/escofetoliver.com\/es\/wp-json\/wp\/v2\/product_cat?post=44592"},{"taxonomy":"product_tag","embeddable":true,"href":"https:\/\/escofetoliver.com\/es\/wp-json\/wp\/v2\/product_tag?post=44592"}],"curies":[{"name":"wp","href":"https:\/\/api.w.org\/{rel}","templated":true}]}}