{"id":44581,"date":"2022-07-08T11:02:39","date_gmt":"2022-07-08T09:02:39","guid":{"rendered":"https:\/\/escofetoliver.com\/?post_type=product&#038;p=44581"},"modified":"2025-01-02T09:35:39","modified_gmt":"2025-01-02T08:35:39","slug":"espinacas-limpias-en-bolsa-300-g","status":"publish","type":"product","link":"https:\/\/escofetoliver.com\/es\/tienda\/frutas-verduras\/verdura-es\/espinacas-limpias-en-bolsa-300-g\/","title":{"rendered":"Espinacas limpias en bolsa &#8211; 300 g"},"content":{"rendered":"<p>Las espinacas son un ingrediente interesante para nuestros platos: A la catalana (con unos ajitos y pasas) o para crema, con bechamel y gratinadas&#8230; Siempre triunfan.<\/p>\n<p>Adem\u00e1s de ser una fuente de fortaleza muscular, su riqueza en fibras, vitaminas, minerales y \u00e1cidos grasos Omega-3 ayudan a mejorar nuestro d\u00eda a d\u00eda.<\/p>\n","protected":false},"excerpt":{"rendered":"<p>300 g de espinacas limpias en bolsa<\/p>\n","protected":false},"featured_media":44582,"comment_status":"open","ping_status":"closed","template":"","meta":{"_acf_changed":false},"product_brand":[],"product_cat":[9096,9928],"product_tag":[9247,9248,9250,9251,7495,9252,8120,9584,8229,8338,9240],"class_list":{"0":"post-44581","1":"product","2":"type-product","3":"status-publish","4":"has-post-thumbnail","6":"product_cat-frutas-verduras","7":"product_cat-verdura-es","8":"product_tag-fruites","9":"product_tag-frutas-y-verduras","10":"product_tag-fresc","11":"product_tag-fruit","12":"product_tag-escofet-oliver-es","13":"product_tag-carniseria-escofet-oliver-es","14":"product_tag-frutas-es","15":"product_tag-espinacas-limpias","16":"product_tag-espinacas-es","17":"product_tag-natural-es","18":"product_tag-fruites-i-verdures-es","19":"product_shipping_class-entrega-en-domicilio","21":"first","22":"instock","23":"taxable","24":"shipping-taxable","25":"purchasable","26":"product-type-simple"},"acf":[],"_links":{"self":[{"href":"https:\/\/escofetoliver.com\/es\/wp-json\/wp\/v2\/product\/44581","targetHints":{"allow":["GET"]}}],"collection":[{"href":"https:\/\/escofetoliver.com\/es\/wp-json\/wp\/v2\/product"}],"about":[{"href":"https:\/\/escofetoliver.com\/es\/wp-json\/wp\/v2\/types\/product"}],"replies":[{"embeddable":true,"href":"https:\/\/escofetoliver.com\/es\/wp-json\/wp\/v2\/comments?post=44581"}],"wp:featuredmedia":[{"embeddable":true,"href":"https:\/\/escofetoliver.com\/es\/wp-json\/wp\/v2\/media\/44582"}],"wp:attachment":[{"href":"https:\/\/escofetoliver.com\/es\/wp-json\/wp\/v2\/media?parent=44581"}],"wp:term":[{"taxonomy":"product_brand","embeddable":true,"href":"https:\/\/escofetoliver.com\/es\/wp-json\/wp\/v2\/product_brand?post=44581"},{"taxonomy":"product_cat","embeddable":true,"href":"https:\/\/escofetoliver.com\/es\/wp-json\/wp\/v2\/product_cat?post=44581"},{"taxonomy":"product_tag","embeddable":true,"href":"https:\/\/escofetoliver.com\/es\/wp-json\/wp\/v2\/product_tag?post=44581"}],"curies":[{"name":"wp","href":"https:\/\/api.w.org\/{rel}","templated":true}]}}