{"id":44576,"date":"2022-07-08T10:53:33","date_gmt":"2022-07-08T08:53:33","guid":{"rendered":"https:\/\/escofetoliver.com\/?post_type=product&#038;p=44576"},"modified":"2026-04-20T12:50:46","modified_gmt":"2026-04-20T10:50:46","slug":"zanahoria-rioja","status":"publish","type":"product","link":"https:\/\/escofetoliver.com\/es\/tienda\/frutas-verduras\/verdura-es\/zanahoria-rioja\/","title":{"rendered":"Zanahoria de Rioja &#8211; 500 g"},"content":{"rendered":"<p>Una hortaliza con identidad, de las tierras con arcilla de La Rioja. Intensa en todos sus aspectos: color, aroma y, como no, su sabor. Adem\u00e1s de ser una fuente vitam\u00ednica (A, B y C), de minerales y antioxidante que ayuda a nuestra piel, visi\u00f3n y sistema nervioso.<\/p>\n","protected":false},"excerpt":{"rendered":"<p>12 zanahorias de Rioja de 500 g en total<\/p>\n","protected":false},"featured_media":44577,"comment_status":"open","ping_status":"closed","template":"","meta":{"_acf_changed":false},"product_brand":[],"product_cat":[9096,9928],"product_tag":[8338,9240,9247,9248,9250,9251,9252,7495,9579,8120,9821],"class_list":{"0":"post-44576","1":"product","2":"type-product","3":"status-publish","4":"has-post-thumbnail","6":"product_cat-frutas-verduras","7":"product_cat-verdura-es","8":"product_tag-natural-es","9":"product_tag-fruites-i-verdures-es","10":"product_tag-fruites","11":"product_tag-frutas-y-verduras","12":"product_tag-fresc","13":"product_tag-fruit","14":"product_tag-carniseria-escofet-oliver-es","15":"product_tag-escofet-oliver-es","16":"product_tag-rioja","17":"product_tag-frutas-es","18":"product_tag-zanahorias","19":"product_shipping_class-entrega-en-domicilio","20":"pa_preciokg-10877","22":"first","23":"instock","24":"taxable","25":"shipping-taxable","26":"purchasable","27":"product-type-simple"},"acf":[],"_links":{"self":[{"href":"https:\/\/escofetoliver.com\/es\/wp-json\/wp\/v2\/product\/44576","targetHints":{"allow":["GET"]}}],"collection":[{"href":"https:\/\/escofetoliver.com\/es\/wp-json\/wp\/v2\/product"}],"about":[{"href":"https:\/\/escofetoliver.com\/es\/wp-json\/wp\/v2\/types\/product"}],"replies":[{"embeddable":true,"href":"https:\/\/escofetoliver.com\/es\/wp-json\/wp\/v2\/comments?post=44576"}],"wp:featuredmedia":[{"embeddable":true,"href":"https:\/\/escofetoliver.com\/es\/wp-json\/wp\/v2\/media\/44577"}],"wp:attachment":[{"href":"https:\/\/escofetoliver.com\/es\/wp-json\/wp\/v2\/media?parent=44576"}],"wp:term":[{"taxonomy":"product_brand","embeddable":true,"href":"https:\/\/escofetoliver.com\/es\/wp-json\/wp\/v2\/product_brand?post=44576"},{"taxonomy":"product_cat","embeddable":true,"href":"https:\/\/escofetoliver.com\/es\/wp-json\/wp\/v2\/product_cat?post=44576"},{"taxonomy":"product_tag","embeddable":true,"href":"https:\/\/escofetoliver.com\/es\/wp-json\/wp\/v2\/product_tag?post=44576"}],"curies":[{"name":"wp","href":"https:\/\/api.w.org\/{rel}","templated":true}]}}