{"id":44572,"date":"2022-07-08T10:46:13","date_gmt":"2022-07-08T08:46:13","guid":{"rendered":"https:\/\/escofetoliver.com\/?post_type=product&#038;p=44572"},"modified":"2026-03-12T09:17:08","modified_gmt":"2026-03-12T08:17:08","slug":"alcachofas-6-7-unidades-1-kg","status":"publish","type":"product","link":"https:\/\/escofetoliver.com\/es\/tienda\/frutas-verduras\/verdura-es\/alcachofas-6-7-unidades-1-kg\/","title":{"rendered":"Alcachofas &#8211; 6-7 unidades &#8211; 1 kg"},"content":{"rendered":"<p>La <strong>alcachofa<\/strong> es un alimento muy digestivo que efect\u00faa una limpieza interna del organismo (es diur\u00e9tica, antirreum\u00e1tica, antiartr\u00edtica y depura la sangre) y contiene vitaminas A, B1, B2, C, E y K.<\/p>\n<p>Se puede disfrutar acompa\u00f1ada de jam\u00f3n, bechamel o tomate; o rellena, frita o al horno&#8230;<\/p>\n<p>&nbsp;<\/p>\n","protected":false},"excerpt":{"rendered":"<p>Entre 6 y 7 alcachofas de 1 kg en total<\/p>\n","protected":false},"featured_media":51113,"comment_status":"open","ping_status":"closed","template":"","meta":{"_acf_changed":false},"product_brand":[],"product_cat":[9928,9096],"product_tag":[9240,9247,9248,9250,9251,9252,7495,8120,8338],"class_list":{"0":"post-44572","1":"product","2":"type-product","3":"status-publish","4":"has-post-thumbnail","6":"product_cat-verdura-es","7":"product_cat-frutas-verduras","8":"product_tag-fruites-i-verdures-es","9":"product_tag-fruites","10":"product_tag-frutas-y-verduras","11":"product_tag-fresc","12":"product_tag-fruit","13":"product_tag-carniseria-escofet-oliver-es","14":"product_tag-escofet-oliver-es","15":"product_tag-frutas-es","16":"product_tag-natural-es","17":"product_shipping_class-entrega-en-domicilio","18":"pa_preciokg-10827","20":"first","21":"instock","22":"taxable","23":"shipping-taxable","24":"purchasable","25":"product-type-simple"},"acf":[],"_links":{"self":[{"href":"https:\/\/escofetoliver.com\/es\/wp-json\/wp\/v2\/product\/44572","targetHints":{"allow":["GET"]}}],"collection":[{"href":"https:\/\/escofetoliver.com\/es\/wp-json\/wp\/v2\/product"}],"about":[{"href":"https:\/\/escofetoliver.com\/es\/wp-json\/wp\/v2\/types\/product"}],"replies":[{"embeddable":true,"href":"https:\/\/escofetoliver.com\/es\/wp-json\/wp\/v2\/comments?post=44572"}],"wp:featuredmedia":[{"embeddable":true,"href":"https:\/\/escofetoliver.com\/es\/wp-json\/wp\/v2\/media\/51113"}],"wp:attachment":[{"href":"https:\/\/escofetoliver.com\/es\/wp-json\/wp\/v2\/media?parent=44572"}],"wp:term":[{"taxonomy":"product_brand","embeddable":true,"href":"https:\/\/escofetoliver.com\/es\/wp-json\/wp\/v2\/product_brand?post=44572"},{"taxonomy":"product_cat","embeddable":true,"href":"https:\/\/escofetoliver.com\/es\/wp-json\/wp\/v2\/product_cat?post=44572"},{"taxonomy":"product_tag","embeddable":true,"href":"https:\/\/escofetoliver.com\/es\/wp-json\/wp\/v2\/product_tag?post=44572"}],"curies":[{"name":"wp","href":"https:\/\/api.w.org\/{rel}","templated":true}]}}