{"id":44568,"date":"2022-07-08T10:37:30","date_gmt":"2022-07-08T08:37:30","guid":{"rendered":"https:\/\/escofetoliver.com\/?post_type=product&#038;p=44568"},"modified":"2026-04-10T10:46:06","modified_gmt":"2026-04-10T08:46:06","slug":"calabacin-5-unidades-1-kg","status":"publish","type":"product","link":"https:\/\/escofetoliver.com\/es\/tienda\/frutas-verduras\/verdura-es\/calabacin-5-unidades-1-kg\/","title":{"rendered":"Calabac\u00edn &#8211; 5 unidades &#8211; 1 kg"},"content":{"rendered":"<p>El <strong>calabac\u00edn<\/strong> es una verdura rica en carbohidratos, agua y fibra; vitaminas: A, C y B9, sales minerales: potasio, f\u00f3sforo, magnesio y calcio; y es escaso en hierro, zinc, selenio, manganeso y cobre, prote\u00ednas y grasas. Entre las mejores maneras de disfrutar del calabac\u00edn encontrar\u00e1s las chips, la crema o los espagueti de calabac\u00edn, unas recetas que potenciar\u00e1n el sabor dulce, suave y \u00fanico de esta verdura.<\/p>\n","protected":false},"excerpt":{"rendered":"<p>5 calabacines de 1 kg en total<\/p>\n","protected":false},"featured_media":44569,"comment_status":"open","ping_status":"closed","template":"","meta":{"_acf_changed":false},"product_brand":[],"product_cat":[9928,9096],"product_tag":[9248,9250,9251,9252,7495,8120,8338,9240,9247],"class_list":{"0":"post-44568","1":"product","2":"type-product","3":"status-publish","4":"has-post-thumbnail","6":"product_cat-verdura-es","7":"product_cat-frutas-verduras","8":"product_tag-frutas-y-verduras","9":"product_tag-fresc","10":"product_tag-fruit","11":"product_tag-carniseria-escofet-oliver-es","12":"product_tag-escofet-oliver-es","13":"product_tag-frutas-es","14":"product_tag-natural-es","15":"product_tag-fruites-i-verdures-es","16":"product_tag-fruites","17":"product_shipping_class-entrega-en-domicilio","18":"pa_preciokg-10828","20":"first","21":"instock","22":"taxable","23":"shipping-taxable","24":"purchasable","25":"product-type-simple"},"acf":[],"_links":{"self":[{"href":"https:\/\/escofetoliver.com\/es\/wp-json\/wp\/v2\/product\/44568","targetHints":{"allow":["GET"]}}],"collection":[{"href":"https:\/\/escofetoliver.com\/es\/wp-json\/wp\/v2\/product"}],"about":[{"href":"https:\/\/escofetoliver.com\/es\/wp-json\/wp\/v2\/types\/product"}],"replies":[{"embeddable":true,"href":"https:\/\/escofetoliver.com\/es\/wp-json\/wp\/v2\/comments?post=44568"}],"wp:featuredmedia":[{"embeddable":true,"href":"https:\/\/escofetoliver.com\/es\/wp-json\/wp\/v2\/media\/44569"}],"wp:attachment":[{"href":"https:\/\/escofetoliver.com\/es\/wp-json\/wp\/v2\/media?parent=44568"}],"wp:term":[{"taxonomy":"product_brand","embeddable":true,"href":"https:\/\/escofetoliver.com\/es\/wp-json\/wp\/v2\/product_brand?post=44568"},{"taxonomy":"product_cat","embeddable":true,"href":"https:\/\/escofetoliver.com\/es\/wp-json\/wp\/v2\/product_cat?post=44568"},{"taxonomy":"product_tag","embeddable":true,"href":"https:\/\/escofetoliver.com\/es\/wp-json\/wp\/v2\/product_tag?post=44568"}],"curies":[{"name":"wp","href":"https:\/\/api.w.org\/{rel}","templated":true}]}}