{"id":44563,"date":"2022-07-08T10:29:34","date_gmt":"2022-07-08T08:29:34","guid":{"rendered":"https:\/\/escofetoliver.com\/?post_type=product&#038;p=44563"},"modified":"2026-05-05T09:29:26","modified_gmt":"2026-05-05T07:29:26","slug":"pepino-4-unidades-500-g","status":"publish","type":"product","link":"https:\/\/escofetoliver.com\/es\/tienda\/frutas-verduras\/verdura-es\/pepino-4-unidades-500-g\/","title":{"rendered":"Pepino &#8211; 4 unidades &#8211; 500 g"},"content":{"rendered":"<p>El <strong>pepino<\/strong> calma la sed instant\u00e1neamente, ya que es muy refrescante. Este, a la vez, favorece el sue\u00f1o y contiene vitaminas A, B1, B2 y C como tambi\u00e9n presenta indicios de vitaminas B6 y E. Diur\u00e9tico, mejora la digesti\u00f3n debido a la fibra que contiene, especialmente si lo comemos con piel. Tambi\u00e9n, regula la presi\u00f3n arterial debido a su elevado contenido en potasio.<\/p>\n<p>Es perfecto para preparar tapas, ensaladas, dips y zumos verdes.<\/p>\n","protected":false},"excerpt":{"rendered":"<p>4 pepinos de 500 g en total<\/p>\n","protected":false},"featured_media":44564,"comment_status":"open","ping_status":"closed","template":"","meta":{"_acf_changed":false},"product_brand":[],"product_cat":[9096,9928],"product_tag":[9248,9250,9251,9252,7495,9563,8120,9564,8338,9240,9247],"class_list":{"0":"post-44563","1":"product","2":"type-product","3":"status-publish","4":"has-post-thumbnail","6":"product_cat-frutas-verduras","7":"product_cat-verdura-es","8":"product_tag-frutas-y-verduras","9":"product_tag-fresc","10":"product_tag-fruit","11":"product_tag-carniseria-escofet-oliver-es","12":"product_tag-escofet-oliver-es","13":"product_tag-pepino","14":"product_tag-frutas-es","15":"product_tag-pepinos","16":"product_tag-natural-es","17":"product_tag-fruites-i-verdures-es","18":"product_tag-fruites","19":"product_shipping_class-entrega-en-domicilio","20":"pa_preciokg-315-es","22":"first","23":"instock","24":"taxable","25":"shipping-taxable","26":"purchasable","27":"product-type-simple"},"acf":[],"_links":{"self":[{"href":"https:\/\/escofetoliver.com\/es\/wp-json\/wp\/v2\/product\/44563","targetHints":{"allow":["GET"]}}],"collection":[{"href":"https:\/\/escofetoliver.com\/es\/wp-json\/wp\/v2\/product"}],"about":[{"href":"https:\/\/escofetoliver.com\/es\/wp-json\/wp\/v2\/types\/product"}],"replies":[{"embeddable":true,"href":"https:\/\/escofetoliver.com\/es\/wp-json\/wp\/v2\/comments?post=44563"}],"wp:featuredmedia":[{"embeddable":true,"href":"https:\/\/escofetoliver.com\/es\/wp-json\/wp\/v2\/media\/44564"}],"wp:attachment":[{"href":"https:\/\/escofetoliver.com\/es\/wp-json\/wp\/v2\/media?parent=44563"}],"wp:term":[{"taxonomy":"product_brand","embeddable":true,"href":"https:\/\/escofetoliver.com\/es\/wp-json\/wp\/v2\/product_brand?post=44563"},{"taxonomy":"product_cat","embeddable":true,"href":"https:\/\/escofetoliver.com\/es\/wp-json\/wp\/v2\/product_cat?post=44563"},{"taxonomy":"product_tag","embeddable":true,"href":"https:\/\/escofetoliver.com\/es\/wp-json\/wp\/v2\/product_tag?post=44563"}],"curies":[{"name":"wp","href":"https:\/\/api.w.org\/{rel}","templated":true}]}}