{"id":44555,"date":"2022-07-08T10:14:42","date_gmt":"2022-07-08T08:14:42","guid":{"rendered":"https:\/\/escofetoliver.com\/?post_type=product&#038;p=44555"},"modified":"2026-04-21T10:05:05","modified_gmt":"2026-04-21T08:05:05","slug":"pimiento-rojo-5-unidades-1-kg","status":"publish","type":"product","link":"https:\/\/escofetoliver.com\/es\/tienda\/frutas-verduras\/verdura-es\/pimiento-rojo-5-unidades-1-kg\/","title":{"rendered":"Pimiento rojo &#8211; 5 unidades &#8211; 1 kg"},"content":{"rendered":"<p>El <strong>pimiento rojo<\/strong> destaca por su alto contenido en vitamina C y vitamina B6, la cual es fundamental para el sistema nervioso central. Destaca tambi\u00e9n su alto contenido en betacaroteno, que al entrar en el organismo se transforman en vitamina A y vitaminas del grupo B2. Por ello es ideal para prevenir la aparici\u00f3n de enfermedades degenerativas y cr\u00f3nicas. Los pimientos rojos, al igual que los tomates, poseen una mayor cantidad de licopeno, que posee propiedades anticancer\u00edgenas.<\/p>\n<p>\u00a1A\u00f1\u00e1delo a tus ensaladas, haz brochetas, rell\u00e9nalo de brandada de bacalao, a\u00f1\u00e1delo a una tortilla, o lo que m\u00e1s te apetezca!<\/p>\n","protected":false},"excerpt":{"rendered":"<p>5 pimientos rojos de 1 kg en total<\/p>\n","protected":false},"featured_media":44556,"comment_status":"open","ping_status":"closed","template":"","meta":{"_acf_changed":false},"product_brand":[],"product_cat":[9096,9928],"product_tag":[9250,9251,9252,7495,9548,8120,9549,8338,9554,9240,9247,9248],"class_list":{"0":"post-44555","1":"product","2":"type-product","3":"status-publish","4":"has-post-thumbnail","6":"product_cat-frutas-verduras","7":"product_cat-verdura-es","8":"product_tag-fresc","9":"product_tag-fruit","10":"product_tag-carniseria-escofet-oliver-es","11":"product_tag-escofet-oliver-es","12":"product_tag-pimiento","13":"product_tag-frutas-es","14":"product_tag-pimientos","15":"product_tag-natural-es","16":"product_tag-pimiento-rojo","17":"product_tag-fruites-i-verdures-es","18":"product_tag-fruites","19":"product_tag-frutas-y-verduras","20":"product_shipping_class-entrega-en-domicilio","21":"pa_preciokg-365-es","23":"first","24":"instock","25":"taxable","26":"shipping-taxable","27":"purchasable","28":"product-type-simple"},"acf":[],"_links":{"self":[{"href":"https:\/\/escofetoliver.com\/es\/wp-json\/wp\/v2\/product\/44555","targetHints":{"allow":["GET"]}}],"collection":[{"href":"https:\/\/escofetoliver.com\/es\/wp-json\/wp\/v2\/product"}],"about":[{"href":"https:\/\/escofetoliver.com\/es\/wp-json\/wp\/v2\/types\/product"}],"replies":[{"embeddable":true,"href":"https:\/\/escofetoliver.com\/es\/wp-json\/wp\/v2\/comments?post=44555"}],"wp:featuredmedia":[{"embeddable":true,"href":"https:\/\/escofetoliver.com\/es\/wp-json\/wp\/v2\/media\/44556"}],"wp:attachment":[{"href":"https:\/\/escofetoliver.com\/es\/wp-json\/wp\/v2\/media?parent=44555"}],"wp:term":[{"taxonomy":"product_brand","embeddable":true,"href":"https:\/\/escofetoliver.com\/es\/wp-json\/wp\/v2\/product_brand?post=44555"},{"taxonomy":"product_cat","embeddable":true,"href":"https:\/\/escofetoliver.com\/es\/wp-json\/wp\/v2\/product_cat?post=44555"},{"taxonomy":"product_tag","embeddable":true,"href":"https:\/\/escofetoliver.com\/es\/wp-json\/wp\/v2\/product_tag?post=44555"}],"curies":[{"name":"wp","href":"https:\/\/api.w.org\/{rel}","templated":true}]}}