{"id":44551,"date":"2022-07-08T10:01:22","date_gmt":"2022-07-08T08:01:22","guid":{"rendered":"https:\/\/escofetoliver.com\/?post_type=product&#038;p=44551"},"modified":"2026-04-21T10:07:21","modified_gmt":"2026-04-21T08:07:21","slug":"pimiento-verde-4-unidades-500-g","status":"publish","type":"product","link":"https:\/\/escofetoliver.com\/es\/tienda\/frutas-verduras\/verdura-es\/pimiento-verde-4-unidades-500-g\/","title":{"rendered":"Pimiento verde &#8211; 4 unidades &#8211; 500 g"},"content":{"rendered":"<p>El<strong> pimiento verde<\/strong> destaca sobre todo por su alto contenido en vitamina C y vitamina B6, la cual es fundamental para el sistema nervioso central. Destaca tambi\u00e9n su alto contenido en betacaroteno, que al entrar en el organismo se transforman en vitamina A y vitaminas del grupo B2. Por eso, es ideal para prevenir la aparici\u00f3n de enfermedades degenerativas y cr\u00f3nicas.<\/p>\n<p>A\u00f1\u00e1delo a tus ensaladas o tortillas, haz brochetas, rell\u00e9nalo de brandada de bacalao, para conseguir preparar un plato apetitoso con este alimento tan verde y con una forma tan peculiar.<\/p>\n","protected":false},"excerpt":{"rendered":"<p>4 pimientos verdes de 500 g en total<\/p>\n","protected":false},"featured_media":44552,"comment_status":"open","ping_status":"closed","template":"","meta":{"_acf_changed":false},"product_brand":[],"product_cat":[9096,9928],"product_tag":[8252,9549,8338,9550,9240,9247,9248,9250,9251,7495,9252,8120,9548],"class_list":{"0":"post-44551","1":"product","2":"type-product","3":"status-publish","4":"has-post-thumbnail","6":"product_cat-frutas-verduras","7":"product_cat-verdura-es","8":"product_tag-verde-es","9":"product_tag-pimientos","10":"product_tag-natural-es","11":"product_tag-pimiento-verde","12":"product_tag-fruites-i-verdures-es","13":"product_tag-fruites","14":"product_tag-frutas-y-verduras","15":"product_tag-fresc","16":"product_tag-fruit","17":"product_tag-escofet-oliver-es","18":"product_tag-carniseria-escofet-oliver-es","19":"product_tag-frutas-es","20":"product_tag-pimiento","21":"product_shipping_class-entrega-en-domicilio","22":"pa_preciokg-10827","24":"first","25":"instock","26":"taxable","27":"shipping-taxable","28":"purchasable","29":"product-type-simple"},"acf":[],"_links":{"self":[{"href":"https:\/\/escofetoliver.com\/es\/wp-json\/wp\/v2\/product\/44551","targetHints":{"allow":["GET"]}}],"collection":[{"href":"https:\/\/escofetoliver.com\/es\/wp-json\/wp\/v2\/product"}],"about":[{"href":"https:\/\/escofetoliver.com\/es\/wp-json\/wp\/v2\/types\/product"}],"replies":[{"embeddable":true,"href":"https:\/\/escofetoliver.com\/es\/wp-json\/wp\/v2\/comments?post=44551"}],"wp:featuredmedia":[{"embeddable":true,"href":"https:\/\/escofetoliver.com\/es\/wp-json\/wp\/v2\/media\/44552"}],"wp:attachment":[{"href":"https:\/\/escofetoliver.com\/es\/wp-json\/wp\/v2\/media?parent=44551"}],"wp:term":[{"taxonomy":"product_brand","embeddable":true,"href":"https:\/\/escofetoliver.com\/es\/wp-json\/wp\/v2\/product_brand?post=44551"},{"taxonomy":"product_cat","embeddable":true,"href":"https:\/\/escofetoliver.com\/es\/wp-json\/wp\/v2\/product_cat?post=44551"},{"taxonomy":"product_tag","embeddable":true,"href":"https:\/\/escofetoliver.com\/es\/wp-json\/wp\/v2\/product_tag?post=44551"}],"curies":[{"name":"wp","href":"https:\/\/api.w.org\/{rel}","templated":true}]}}