{"id":44547,"date":"2022-07-08T09:55:06","date_gmt":"2022-07-08T07:55:06","guid":{"rendered":"https:\/\/escofetoliver.com\/?post_type=product&#038;p=44547"},"modified":"2026-04-10T10:43:15","modified_gmt":"2026-04-10T08:43:15","slug":"judia-fina-500-g","status":"publish","type":"product","link":"https:\/\/escofetoliver.com\/es\/tienda\/frutas-verduras\/verdura-es\/judia-fina-500-g\/","title":{"rendered":"Jud\u00eda\u00a0fina &#8211; 500 g"},"content":{"rendered":"<p>La <strong>jud\u00eda fina<\/strong> es un alimento que contiene muy pocas calor\u00edas y una enorme proporci\u00f3n de agua (del 90%). Adem\u00e1s, son muy ricas en potasio, un mineral que facilita la eliminaci\u00f3n de l\u00edquidos corporales. Son ricas en vitamina C y vitamina A, importantes para neutralizar los radicales libres, evitando el envejecimiento de las c\u00e9lulas.<\/p>\n<p>Hi\u00e9rvelas, a\u00f1ade un chorrito de aceite de oliva y unas virutas de jam\u00f3n y prep\u00e1rate para disfrutar de esta combinaci\u00f3n celestial.<\/p>\n","protected":false},"excerpt":{"rendered":"<p>500 g de jud\u00eda fina<\/p>\n","protected":false},"featured_media":44548,"comment_status":"open","ping_status":"closed","template":"","meta":{"_acf_changed":false},"product_brand":[],"product_cat":[9096,9928],"product_tag":[9250,9251,9252,7495,8120,8338,9240,9247,9248],"class_list":{"0":"post-44547","1":"product","2":"type-product","3":"status-publish","4":"has-post-thumbnail","6":"product_cat-frutas-verduras","7":"product_cat-verdura-es","8":"product_tag-fresc","9":"product_tag-fruit","10":"product_tag-carniseria-escofet-oliver-es","11":"product_tag-escofet-oliver-es","12":"product_tag-frutas-es","13":"product_tag-natural-es","14":"product_tag-fruites-i-verdures-es","15":"product_tag-fruites","16":"product_tag-frutas-y-verduras","17":"product_shipping_class-entrega-en-domicilio","18":"pa_preciokg-945-2","20":"first","21":"instock","22":"taxable","23":"shipping-taxable","24":"purchasable","25":"product-type-simple"},"acf":[],"_links":{"self":[{"href":"https:\/\/escofetoliver.com\/es\/wp-json\/wp\/v2\/product\/44547","targetHints":{"allow":["GET"]}}],"collection":[{"href":"https:\/\/escofetoliver.com\/es\/wp-json\/wp\/v2\/product"}],"about":[{"href":"https:\/\/escofetoliver.com\/es\/wp-json\/wp\/v2\/types\/product"}],"replies":[{"embeddable":true,"href":"https:\/\/escofetoliver.com\/es\/wp-json\/wp\/v2\/comments?post=44547"}],"wp:featuredmedia":[{"embeddable":true,"href":"https:\/\/escofetoliver.com\/es\/wp-json\/wp\/v2\/media\/44548"}],"wp:attachment":[{"href":"https:\/\/escofetoliver.com\/es\/wp-json\/wp\/v2\/media?parent=44547"}],"wp:term":[{"taxonomy":"product_brand","embeddable":true,"href":"https:\/\/escofetoliver.com\/es\/wp-json\/wp\/v2\/product_brand?post=44547"},{"taxonomy":"product_cat","embeddable":true,"href":"https:\/\/escofetoliver.com\/es\/wp-json\/wp\/v2\/product_cat?post=44547"},{"taxonomy":"product_tag","embeddable":true,"href":"https:\/\/escofetoliver.com\/es\/wp-json\/wp\/v2\/product_tag?post=44547"}],"curies":[{"name":"wp","href":"https:\/\/api.w.org\/{rel}","templated":true}]}}