{"id":44543,"date":"2022-07-08T09:46:19","date_gmt":"2022-07-08T07:46:19","guid":{"rendered":"https:\/\/escofetoliver.com\/?post_type=product&#038;p=44543"},"modified":"2026-05-05T09:27:05","modified_gmt":"2026-05-05T07:27:05","slug":"judia-perona-500-g","status":"publish","type":"product","link":"https:\/\/escofetoliver.com\/es\/tienda\/frutas-verduras\/verdura-es\/judia-perona-500-g\/","title":{"rendered":"Jud\u00eda\u00a0&#8216;Perona&#8217; &#8211; 500 g"},"content":{"rendered":"<p>La <strong>jud\u00eda perona<\/strong> es un alimento muy sano, con un bajo aporte de calor\u00edas y grasas. Adem\u00e1s, son muy ricas en potasio, el cual facilita la eliminaci\u00f3n de l\u00edquidos corporales. La jud\u00edas son ricas en vitamina C y vitamina A, importantes para neutralizar los radicales libres, evitando el envejecimiento de las c\u00e9lulas.<\/p>\n<p>Hi\u00e9rvelas, a\u00f1ade un chorrito de aceite de oliva y unas virutas de jam\u00f3n y prep\u00e1rate para disfrutar de esta combinaci\u00f3n celestial.<\/p>\n","protected":false},"excerpt":{"rendered":"<p>500 g de jud\u00eda &#8216;Perona&#8217;<\/p>\n","protected":false},"featured_media":44544,"comment_status":"open","ping_status":"closed","template":"","meta":{"_acf_changed":false},"product_brand":[],"product_cat":[9096,9928],"product_tag":[9240,9247,9248,9250,9251,9252,7495,9538,8120,9541,8338],"class_list":{"0":"post-44543","1":"product","2":"type-product","3":"status-publish","4":"has-post-thumbnail","6":"product_cat-frutas-verduras","7":"product_cat-verdura-es","8":"product_tag-fruites-i-verdures-es","9":"product_tag-fruites","10":"product_tag-frutas-y-verduras","11":"product_tag-fresc","12":"product_tag-fruit","13":"product_tag-carniseria-escofet-oliver-es","14":"product_tag-escofet-oliver-es","15":"product_tag-perona","16":"product_tag-frutas-es","17":"product_tag-judias","18":"product_tag-natural-es","19":"product_shipping_class-entrega-en-domicilio","20":"pa_preciokg-1355-2","22":"first","23":"instock","24":"taxable","25":"shipping-taxable","26":"purchasable","27":"product-type-simple"},"acf":[],"_links":{"self":[{"href":"https:\/\/escofetoliver.com\/es\/wp-json\/wp\/v2\/product\/44543","targetHints":{"allow":["GET"]}}],"collection":[{"href":"https:\/\/escofetoliver.com\/es\/wp-json\/wp\/v2\/product"}],"about":[{"href":"https:\/\/escofetoliver.com\/es\/wp-json\/wp\/v2\/types\/product"}],"replies":[{"embeddable":true,"href":"https:\/\/escofetoliver.com\/es\/wp-json\/wp\/v2\/comments?post=44543"}],"wp:featuredmedia":[{"embeddable":true,"href":"https:\/\/escofetoliver.com\/es\/wp-json\/wp\/v2\/media\/44544"}],"wp:attachment":[{"href":"https:\/\/escofetoliver.com\/es\/wp-json\/wp\/v2\/media?parent=44543"}],"wp:term":[{"taxonomy":"product_brand","embeddable":true,"href":"https:\/\/escofetoliver.com\/es\/wp-json\/wp\/v2\/product_brand?post=44543"},{"taxonomy":"product_cat","embeddable":true,"href":"https:\/\/escofetoliver.com\/es\/wp-json\/wp\/v2\/product_cat?post=44543"},{"taxonomy":"product_tag","embeddable":true,"href":"https:\/\/escofetoliver.com\/es\/wp-json\/wp\/v2\/product_tag?post=44543"}],"curies":[{"name":"wp","href":"https:\/\/api.w.org\/{rel}","templated":true}]}}