{"id":44539,"date":"2022-07-08T09:37:56","date_gmt":"2022-07-08T07:37:56","guid":{"rendered":"https:\/\/escofetoliver.com\/?post_type=product&#038;p=44539"},"modified":"2025-01-02T09:35:48","modified_gmt":"2025-01-02T08:35:48","slug":"chirivia","status":"publish","type":"product","link":"https:\/\/escofetoliver.com\/es\/tienda\/frutas-verduras\/verdura-es\/chirivia\/","title":{"rendered":"Chiriv\u00eda &#8211; 3 unidades &#8211; 500 g"},"content":{"rendered":"<p>La<strong> chiriv\u00eda<\/strong> es una hortaliza un poco olvidada, pero que no deber\u00edamos pasar por alto, ya que, nutricionalmente hablando, supera las propiedades de la zanahoria: tiene un mont\u00f3n de vitaminas B, C, E y K y minerales como el potasio, magnesio, sodio, f\u00f3sforo, calcio, selenio y zinc. Adem\u00e1s, aportan un mont\u00f3n de fibra y contienen \u00e1cidos omega-3 y 6, carbohidratos y prote\u00edna vegetal. Tradicionalmente, siempre se ha usado para potajes, guisos, sopas, pur\u00e9s y asados por su buen sabor, con un toque anisado que queda genial en los platos.<\/p>\n","protected":false},"excerpt":{"rendered":"<p>3 chiriv\u00edas de 500 g en total<\/p>\n","protected":false},"featured_media":44540,"comment_status":"open","ping_status":"closed","template":"","meta":{"_acf_changed":false},"product_brand":[],"product_cat":[9096,9928],"product_tag":[9536,8120,8338,9240,9247,9248,9250,9251,9252,7495],"class_list":{"0":"post-44539","1":"product","2":"type-product","3":"status-publish","4":"has-post-thumbnail","6":"product_cat-frutas-verduras","7":"product_cat-verdura-es","8":"product_tag-chirivia","9":"product_tag-frutas-es","10":"product_tag-natural-es","11":"product_tag-fruites-i-verdures-es","12":"product_tag-fruites","13":"product_tag-frutas-y-verduras","14":"product_tag-fresc","15":"product_tag-fruit","16":"product_tag-carniseria-escofet-oliver-es","17":"product_tag-escofet-oliver-es","18":"product_shipping_class-entrega-en-domicilio","20":"first","21":"instock","22":"taxable","23":"shipping-taxable","24":"purchasable","25":"product-type-simple"},"acf":[],"_links":{"self":[{"href":"https:\/\/escofetoliver.com\/es\/wp-json\/wp\/v2\/product\/44539","targetHints":{"allow":["GET"]}}],"collection":[{"href":"https:\/\/escofetoliver.com\/es\/wp-json\/wp\/v2\/product"}],"about":[{"href":"https:\/\/escofetoliver.com\/es\/wp-json\/wp\/v2\/types\/product"}],"replies":[{"embeddable":true,"href":"https:\/\/escofetoliver.com\/es\/wp-json\/wp\/v2\/comments?post=44539"}],"wp:featuredmedia":[{"embeddable":true,"href":"https:\/\/escofetoliver.com\/es\/wp-json\/wp\/v2\/media\/44540"}],"wp:attachment":[{"href":"https:\/\/escofetoliver.com\/es\/wp-json\/wp\/v2\/media?parent=44539"}],"wp:term":[{"taxonomy":"product_brand","embeddable":true,"href":"https:\/\/escofetoliver.com\/es\/wp-json\/wp\/v2\/product_brand?post=44539"},{"taxonomy":"product_cat","embeddable":true,"href":"https:\/\/escofetoliver.com\/es\/wp-json\/wp\/v2\/product_cat?post=44539"},{"taxonomy":"product_tag","embeddable":true,"href":"https:\/\/escofetoliver.com\/es\/wp-json\/wp\/v2\/product_tag?post=44539"}],"curies":[{"name":"wp","href":"https:\/\/api.w.org\/{rel}","templated":true}]}}