{"id":44527,"date":"2022-07-08T09:16:11","date_gmt":"2022-07-08T07:16:11","guid":{"rendered":"https:\/\/escofetoliver.com\/?post_type=product&#038;p=44527"},"modified":"2026-01-13T09:14:10","modified_gmt":"2026-01-13T08:14:10","slug":"esparragos-triguero-en-manojo-16-unidades-400-kg","status":"publish","type":"product","link":"https:\/\/escofetoliver.com\/es\/tienda\/frutas-verduras\/verdura-es\/esparragos-triguero-en-manojo-16-unidades-400-kg\/","title":{"rendered":"Esparragos\u00a0triguero en manojo &#8211; 16 unidades &#8211; 400 kg"},"content":{"rendered":"<p>Los esp\u00e1rragos son muy sabrosos y carnosos. Tienen mucha fibra, vitaminas A, B y C y minerales como el potasio y el f\u00f3sforo. Adem\u00e1s, su aporte cal\u00f3rico es muy reducido. Gracias a la presencia de \u00e1cido f\u00f3lico en los esp\u00e1rragos contribuye junto al hierro a la producci\u00f3n de gl\u00f3bulos rojos. Nos aportar\u00e1 una buena cantidad de antioxidantes y zinc, cosa muy importante para la salud de nuestro cerebro.<\/p>\n<p>Estos esp\u00e1rragos pueden ser los mejores compa\u00f1eros para darle un toque de sabor a tus arroces, pastas o carnes y pescados. \u00a1Atr\u00e9vete a probarlos de mil maneras diferentes!<\/p>\n","protected":false},"excerpt":{"rendered":"<p>16 esparragos triguero en manojo de 400 kg en total<\/p>\n","protected":false},"featured_media":44528,"comment_status":"open","ping_status":"closed","template":"","meta":{"_acf_changed":false},"product_brand":[],"product_cat":[9096,9928],"product_tag":[9251,9252,7495,9516,8120,9519,8338,9525,9526,9240,9247,9248,9250],"class_list":{"0":"post-44527","1":"product","2":"type-product","3":"status-publish","4":"has-post-thumbnail","6":"product_cat-frutas-verduras","7":"product_cat-verdura-es","8":"product_tag-fruit","9":"product_tag-carniseria-escofet-oliver-es","10":"product_tag-escofet-oliver-es","11":"product_tag-esparragos","12":"product_tag-frutas-es","13":"product_tag-esparragos-en-manojo","14":"product_tag-natural-es","15":"product_tag-esparragos-triguero","16":"product_tag-triguero","17":"product_tag-fruites-i-verdures-es","18":"product_tag-fruites","19":"product_tag-frutas-y-verduras","20":"product_tag-fresc","21":"product_shipping_class-entrega-en-domicilio","23":"first","24":"instock","25":"taxable","26":"shipping-taxable","27":"purchasable","28":"product-type-simple"},"acf":[],"_links":{"self":[{"href":"https:\/\/escofetoliver.com\/es\/wp-json\/wp\/v2\/product\/44527","targetHints":{"allow":["GET"]}}],"collection":[{"href":"https:\/\/escofetoliver.com\/es\/wp-json\/wp\/v2\/product"}],"about":[{"href":"https:\/\/escofetoliver.com\/es\/wp-json\/wp\/v2\/types\/product"}],"replies":[{"embeddable":true,"href":"https:\/\/escofetoliver.com\/es\/wp-json\/wp\/v2\/comments?post=44527"}],"wp:featuredmedia":[{"embeddable":true,"href":"https:\/\/escofetoliver.com\/es\/wp-json\/wp\/v2\/media\/44528"}],"wp:attachment":[{"href":"https:\/\/escofetoliver.com\/es\/wp-json\/wp\/v2\/media?parent=44527"}],"wp:term":[{"taxonomy":"product_brand","embeddable":true,"href":"https:\/\/escofetoliver.com\/es\/wp-json\/wp\/v2\/product_brand?post=44527"},{"taxonomy":"product_cat","embeddable":true,"href":"https:\/\/escofetoliver.com\/es\/wp-json\/wp\/v2\/product_cat?post=44527"},{"taxonomy":"product_tag","embeddable":true,"href":"https:\/\/escofetoliver.com\/es\/wp-json\/wp\/v2\/product_tag?post=44527"}],"curies":[{"name":"wp","href":"https:\/\/api.w.org\/{rel}","templated":true}]}}