{"id":44514,"date":"2022-07-07T12:50:17","date_gmt":"2022-07-07T10:50:17","guid":{"rendered":"https:\/\/escofetoliver.com\/?post_type=product&#038;p=44514"},"modified":"2026-04-14T09:29:38","modified_gmt":"2026-04-14T07:29:38","slug":"esparragos-gordos-en-manojo-10-unidades-500-g","status":"publish","type":"product","link":"https:\/\/escofetoliver.com\/es\/tienda\/frutas-verduras\/verdura-es\/esparragos-gordos-en-manojo-10-unidades-500-g\/","title":{"rendered":"Esparragos\u00a0gordos en manojo &#8211; 10 unidades &#8211; 500 g"},"content":{"rendered":"<p>Los esp\u00e1rragos entran directo al paladar con un rico sabor equilibrado entre lo amargo y lo dulce.<br \/>\nDisfrutable a la plancha, aunque tambi\u00e9n puede combinar con otros ingredientes en un guiso, una tortilla.<br \/>\nUna buena fuente de \u00e1cido f\u00f3lico y nutrientes antioxidantes y que ayuda a prevenir enfermedades y c\u00e1nceres.<\/p>\n","protected":false},"excerpt":{"rendered":"<p>10 Esparragos gordos en manojo de 500 g en total<\/p>\n","protected":false},"featured_media":44516,"comment_status":"open","ping_status":"closed","template":"","meta":{"_acf_changed":false},"product_brand":[],"product_cat":[9096,9928],"product_tag":[8120,8338,9247,9248,9249,9250,9251,9252],"class_list":{"0":"post-44514","1":"product","2":"type-product","3":"status-publish","4":"has-post-thumbnail","6":"product_cat-frutas-verduras","7":"product_cat-verdura-es","8":"product_tag-frutas-es","9":"product_tag-natural-es","10":"product_tag-fruites","11":"product_tag-frutas-y-verduras","12":"product_tag-fruites-i-verduresescofet-oliver","13":"product_tag-fresc","14":"product_tag-fruit","15":"product_tag-carniseria-escofet-oliver-es","16":"product_shipping_class-entrega-en-domicilio","18":"first","19":"instock","20":"taxable","21":"shipping-taxable","22":"purchasable","23":"product-type-simple"},"acf":[],"_links":{"self":[{"href":"https:\/\/escofetoliver.com\/es\/wp-json\/wp\/v2\/product\/44514","targetHints":{"allow":["GET"]}}],"collection":[{"href":"https:\/\/escofetoliver.com\/es\/wp-json\/wp\/v2\/product"}],"about":[{"href":"https:\/\/escofetoliver.com\/es\/wp-json\/wp\/v2\/types\/product"}],"replies":[{"embeddable":true,"href":"https:\/\/escofetoliver.com\/es\/wp-json\/wp\/v2\/comments?post=44514"}],"wp:featuredmedia":[{"embeddable":true,"href":"https:\/\/escofetoliver.com\/es\/wp-json\/wp\/v2\/media\/44516"}],"wp:attachment":[{"href":"https:\/\/escofetoliver.com\/es\/wp-json\/wp\/v2\/media?parent=44514"}],"wp:term":[{"taxonomy":"product_brand","embeddable":true,"href":"https:\/\/escofetoliver.com\/es\/wp-json\/wp\/v2\/product_brand?post=44514"},{"taxonomy":"product_cat","embeddable":true,"href":"https:\/\/escofetoliver.com\/es\/wp-json\/wp\/v2\/product_cat?post=44514"},{"taxonomy":"product_tag","embeddable":true,"href":"https:\/\/escofetoliver.com\/es\/wp-json\/wp\/v2\/product_tag?post=44514"}],"curies":[{"name":"wp","href":"https:\/\/api.w.org\/{rel}","templated":true}]}}