{"id":44510,"date":"2022-07-07T12:39:10","date_gmt":"2022-07-07T10:39:10","guid":{"rendered":"https:\/\/escofetoliver.com\/?post_type=product&#038;p=44510"},"modified":"2025-01-02T09:35:29","modified_gmt":"2025-01-02T08:35:29","slug":"tomate-cherry-de-pera-20-unidades-250-g","status":"publish","type":"product","link":"https:\/\/escofetoliver.com\/es\/tienda\/frutas-verduras\/verdura-es\/tomate-cherry-de-pera-20-unidades-250-g\/","title":{"rendered":"Tomate &#8216;Cherry de pera&#8217; &#8211; 20 unidades &#8211; 250 g"},"content":{"rendered":"<p>Estos tomates son llamados de este modo por su semejanza de color, tama\u00f1o y sabor dulce, con la cereza. Tienen un di\u00e1metro entre 1-3cm y su peso oscila entre los 10 y 15 g. Su sabor es menos \u00e1cido y m\u00e1s dulce que el tomate tradicional.<\/p>\n","protected":false},"excerpt":{"rendered":"<p>20 tomates &#8216;Cherry de pera&#8217; de 250 g en total<\/p>\n","protected":false},"featured_media":44511,"comment_status":"open","ping_status":"closed","template":"","meta":{"_acf_changed":false},"product_brand":[],"product_cat":[9096,9928],"product_tag":[9249,9250,9251,9252,8120,9512,8338,8370,9247,9248],"class_list":{"0":"post-44510","1":"product","2":"type-product","3":"status-publish","4":"has-post-thumbnail","6":"product_cat-frutas-verduras","7":"product_cat-verdura-es","8":"product_tag-fruites-i-verduresescofet-oliver","9":"product_tag-fresc","10":"product_tag-fruit","11":"product_tag-carniseria-escofet-oliver-es","12":"product_tag-frutas-es","13":"product_tag-tomate-cherry-de-pera","14":"product_tag-natural-es","15":"product_tag-tomate-es","16":"product_tag-fruites","17":"product_tag-frutas-y-verduras","18":"product_shipping_class-entrega-en-domicilio","20":"first","21":"instock","22":"taxable","23":"shipping-taxable","24":"purchasable","25":"product-type-simple"},"acf":[],"_links":{"self":[{"href":"https:\/\/escofetoliver.com\/es\/wp-json\/wp\/v2\/product\/44510","targetHints":{"allow":["GET"]}}],"collection":[{"href":"https:\/\/escofetoliver.com\/es\/wp-json\/wp\/v2\/product"}],"about":[{"href":"https:\/\/escofetoliver.com\/es\/wp-json\/wp\/v2\/types\/product"}],"replies":[{"embeddable":true,"href":"https:\/\/escofetoliver.com\/es\/wp-json\/wp\/v2\/comments?post=44510"}],"wp:featuredmedia":[{"embeddable":true,"href":"https:\/\/escofetoliver.com\/es\/wp-json\/wp\/v2\/media\/44511"}],"wp:attachment":[{"href":"https:\/\/escofetoliver.com\/es\/wp-json\/wp\/v2\/media?parent=44510"}],"wp:term":[{"taxonomy":"product_brand","embeddable":true,"href":"https:\/\/escofetoliver.com\/es\/wp-json\/wp\/v2\/product_brand?post=44510"},{"taxonomy":"product_cat","embeddable":true,"href":"https:\/\/escofetoliver.com\/es\/wp-json\/wp\/v2\/product_cat?post=44510"},{"taxonomy":"product_tag","embeddable":true,"href":"https:\/\/escofetoliver.com\/es\/wp-json\/wp\/v2\/product_tag?post=44510"}],"curies":[{"name":"wp","href":"https:\/\/api.w.org\/{rel}","templated":true}]}}