{"id":44505,"date":"2022-07-07T12:29:34","date_gmt":"2022-07-07T10:29:34","guid":{"rendered":"https:\/\/escofetoliver.com\/?post_type=product&#038;p=44505"},"modified":"2025-03-04T10:02:04","modified_gmt":"2025-03-04T09:02:04","slug":"endivia-3-4-unidades-500-g","status":"publish","type":"product","link":"https:\/\/escofetoliver.com\/es\/tienda\/frutas-verduras\/verdura-es\/endivia-3-4-unidades-500-g\/","title":{"rendered":"Endivia &#8211; 3-4 unidades &#8211; 500 g"},"content":{"rendered":"<p>La endivia es una fuente de vitamina A. Tambi\u00e9n contiene fibra, hierro y potasio. Entre las muchas propiedades que tiene la endivia, destacaremos que es laxante, depurativa, diur\u00e9tica, t\u00f3nica y que abre el apetito. Gratinadas, rellenas de salm\u00f3n o en una ensalada \u00a1Quedan deliciosas!<\/p>\n","protected":false},"excerpt":{"rendered":"<p>Entre 3 y 4 Endivias de 500 g en total<\/p>\n","protected":false},"featured_media":44506,"comment_status":"open","ping_status":"closed","template":"","meta":{"_acf_changed":false},"product_brand":[],"product_cat":[9096,9928],"product_tag":[9250,9251,9252,8120,8338,9247,9248,9249],"class_list":{"0":"post-44505","1":"product","2":"type-product","3":"status-publish","4":"has-post-thumbnail","6":"product_cat-frutas-verduras","7":"product_cat-verdura-es","8":"product_tag-fresc","9":"product_tag-fruit","10":"product_tag-carniseria-escofet-oliver-es","11":"product_tag-frutas-es","12":"product_tag-natural-es","13":"product_tag-fruites","14":"product_tag-frutas-y-verduras","15":"product_tag-fruites-i-verduresescofet-oliver","16":"product_shipping_class-entrega-en-domicilio","18":"first","19":"instock","20":"taxable","21":"shipping-taxable","22":"purchasable","23":"product-type-simple"},"acf":[],"_links":{"self":[{"href":"https:\/\/escofetoliver.com\/es\/wp-json\/wp\/v2\/product\/44505","targetHints":{"allow":["GET"]}}],"collection":[{"href":"https:\/\/escofetoliver.com\/es\/wp-json\/wp\/v2\/product"}],"about":[{"href":"https:\/\/escofetoliver.com\/es\/wp-json\/wp\/v2\/types\/product"}],"replies":[{"embeddable":true,"href":"https:\/\/escofetoliver.com\/es\/wp-json\/wp\/v2\/comments?post=44505"}],"wp:featuredmedia":[{"embeddable":true,"href":"https:\/\/escofetoliver.com\/es\/wp-json\/wp\/v2\/media\/44506"}],"wp:attachment":[{"href":"https:\/\/escofetoliver.com\/es\/wp-json\/wp\/v2\/media?parent=44505"}],"wp:term":[{"taxonomy":"product_brand","embeddable":true,"href":"https:\/\/escofetoliver.com\/es\/wp-json\/wp\/v2\/product_brand?post=44505"},{"taxonomy":"product_cat","embeddable":true,"href":"https:\/\/escofetoliver.com\/es\/wp-json\/wp\/v2\/product_cat?post=44505"},{"taxonomy":"product_tag","embeddable":true,"href":"https:\/\/escofetoliver.com\/es\/wp-json\/wp\/v2\/product_tag?post=44505"}],"curies":[{"name":"wp","href":"https:\/\/api.w.org\/{rel}","templated":true}]}}