{"id":44496,"date":"2022-07-07T12:20:07","date_gmt":"2022-07-07T10:20:07","guid":{"rendered":"https:\/\/escofetoliver.com\/?post_type=product&#038;p=44496"},"modified":"2025-01-02T09:35:50","modified_gmt":"2025-01-02T08:35:50","slug":"remolacha-cocida","status":"publish","type":"product","link":"https:\/\/escofetoliver.com\/es\/tienda\/frutas-verduras\/verdura-es\/remolacha-cocida\/","title":{"rendered":"Remolacha cocida"},"content":{"rendered":"<p>La remolacha es muy buen mineralizante del organismo. Es rica en hierro y esencial para la producci\u00f3n de hemoglobina, muy importante en momentos de anemia. Adem\u00e1s, contiene silicio que es crucial para la buena salud de nuestros huesos, las arterias y la piel. Tambi\u00e9n es rica en fibra, que ayuda a combatir el estre\u00f1imiento. Contiene, a la vez, rubidio que incrementa la secreci\u00f3n de jugos g\u00e1stricos, ayudando a asimilar el resto de alimentos.<\/p>\n","protected":false},"excerpt":{"rendered":"<p>Remolacha cocida<\/p>\n","protected":false},"featured_media":44497,"comment_status":"open","ping_status":"closed","template":"","meta":{"_acf_changed":false},"product_brand":[],"product_cat":[9096,9928],"product_tag":[9248,9249,9250,9251,9252,9502,8120,9503,8338,9247],"class_list":{"0":"post-44496","1":"product","2":"type-product","3":"status-publish","4":"has-post-thumbnail","6":"product_cat-frutas-verduras","7":"product_cat-verdura-es","8":"product_tag-frutas-y-verduras","9":"product_tag-fruites-i-verduresescofet-oliver","10":"product_tag-fresc","11":"product_tag-fruit","12":"product_tag-carniseria-escofet-oliver-es","13":"product_tag-remolacha","14":"product_tag-frutas-es","15":"product_tag-remolacha-cocida","16":"product_tag-natural-es","17":"product_tag-fruites","18":"product_shipping_class-entrega-en-domicilio","20":"first","21":"instock","22":"taxable","23":"shipping-taxable","24":"purchasable","25":"product-type-simple"},"acf":[],"_links":{"self":[{"href":"https:\/\/escofetoliver.com\/es\/wp-json\/wp\/v2\/product\/44496","targetHints":{"allow":["GET"]}}],"collection":[{"href":"https:\/\/escofetoliver.com\/es\/wp-json\/wp\/v2\/product"}],"about":[{"href":"https:\/\/escofetoliver.com\/es\/wp-json\/wp\/v2\/types\/product"}],"replies":[{"embeddable":true,"href":"https:\/\/escofetoliver.com\/es\/wp-json\/wp\/v2\/comments?post=44496"}],"wp:featuredmedia":[{"embeddable":true,"href":"https:\/\/escofetoliver.com\/es\/wp-json\/wp\/v2\/media\/44497"}],"wp:attachment":[{"href":"https:\/\/escofetoliver.com\/es\/wp-json\/wp\/v2\/media?parent=44496"}],"wp:term":[{"taxonomy":"product_brand","embeddable":true,"href":"https:\/\/escofetoliver.com\/es\/wp-json\/wp\/v2\/product_brand?post=44496"},{"taxonomy":"product_cat","embeddable":true,"href":"https:\/\/escofetoliver.com\/es\/wp-json\/wp\/v2\/product_cat?post=44496"},{"taxonomy":"product_tag","embeddable":true,"href":"https:\/\/escofetoliver.com\/es\/wp-json\/wp\/v2\/product_tag?post=44496"}],"curies":[{"name":"wp","href":"https:\/\/api.w.org\/{rel}","templated":true}]}}