{"id":44481,"date":"2022-07-07T12:08:57","date_gmt":"2022-07-07T10:08:57","guid":{"rendered":"https:\/\/escofetoliver.com\/?post_type=product&#038;p=44481"},"modified":"2026-04-10T10:40:17","modified_gmt":"2026-04-10T08:40:17","slug":"tomate-cherry-en-rama","status":"publish","type":"product","link":"https:\/\/escofetoliver.com\/es\/tienda\/frutas-verduras\/verdura-es\/tomate-cherry-en-rama\/","title":{"rendered":"Tomate &#8216;Cherry&#8217; en rama"},"content":{"rendered":"<p>Estos peque\u00f1os tomates son llamados de este modo por su semejanza de color, tama\u00f1o y sabor dulce, con la cereza. Cada uno tiene un di\u00e1metro entre 1-3\u202fcm, y su peso oscila entre los 10 y 15 g. Tienen un sabor menos \u00e1cido y m\u00e1s dulce que el tomate tradicional. Por lo tanto, son perfectos para a\u00f1adir a tus ensaladas convencionales o de pasta y lentejas.<\/p>\n","protected":false},"excerpt":{"rendered":"<p>Rama de Tomates Cherry<\/p>\n","protected":false},"featured_media":44483,"comment_status":"open","ping_status":"closed","template":"","meta":{"_acf_changed":false},"product_brand":[],"product_cat":[9096,9928],"product_tag":[9247,9248,9249,9250,9251,9252,8120,9452,8338,9496,8370,9497],"class_list":{"0":"post-44481","1":"product","2":"type-product","3":"status-publish","4":"has-post-thumbnail","6":"product_cat-frutas-verduras","7":"product_cat-verdura-es","8":"product_tag-fruites","9":"product_tag-frutas-y-verduras","10":"product_tag-fruites-i-verduresescofet-oliver","11":"product_tag-fresc","12":"product_tag-fruit","13":"product_tag-carniseria-escofet-oliver-es","14":"product_tag-frutas-es","15":"product_tag-tomate-en-rama","16":"product_tag-natural-es","17":"product_tag-tomate-cherry","18":"product_tag-tomate-es","19":"product_tag-tomate-cherry-en-rama","20":"product_shipping_class-entrega-en-domicilio","21":"pa_preciokg-1045-es","23":"first","24":"instock","25":"taxable","26":"shipping-taxable","27":"purchasable","28":"product-type-simple"},"acf":[],"_links":{"self":[{"href":"https:\/\/escofetoliver.com\/es\/wp-json\/wp\/v2\/product\/44481","targetHints":{"allow":["GET"]}}],"collection":[{"href":"https:\/\/escofetoliver.com\/es\/wp-json\/wp\/v2\/product"}],"about":[{"href":"https:\/\/escofetoliver.com\/es\/wp-json\/wp\/v2\/types\/product"}],"replies":[{"embeddable":true,"href":"https:\/\/escofetoliver.com\/es\/wp-json\/wp\/v2\/comments?post=44481"}],"wp:featuredmedia":[{"embeddable":true,"href":"https:\/\/escofetoliver.com\/es\/wp-json\/wp\/v2\/media\/44483"}],"wp:attachment":[{"href":"https:\/\/escofetoliver.com\/es\/wp-json\/wp\/v2\/media?parent=44481"}],"wp:term":[{"taxonomy":"product_brand","embeddable":true,"href":"https:\/\/escofetoliver.com\/es\/wp-json\/wp\/v2\/product_brand?post=44481"},{"taxonomy":"product_cat","embeddable":true,"href":"https:\/\/escofetoliver.com\/es\/wp-json\/wp\/v2\/product_cat?post=44481"},{"taxonomy":"product_tag","embeddable":true,"href":"https:\/\/escofetoliver.com\/es\/wp-json\/wp\/v2\/product_tag?post=44481"}],"curies":[{"name":"wp","href":"https:\/\/api.w.org\/{rel}","templated":true}]}}