{"id":44441,"date":"2022-07-07T11:00:55","date_gmt":"2022-07-07T09:00:55","guid":{"rendered":"https:\/\/escofetoliver.com\/?post_type=product&#038;p=44441"},"modified":"2026-04-28T09:16:17","modified_gmt":"2026-04-28T07:16:17","slug":"tomate-verde-4-5-unidades-1-kg","status":"publish","type":"product","link":"https:\/\/escofetoliver.com\/es\/tienda\/frutas-verduras\/verdura-es\/tomate-verde-4-5-unidades-1-kg\/","title":{"rendered":"Tomate verde &#8211; 4-5 unidades &#8211; 1 kg"},"content":{"rendered":"<p>El tomate verde, b\u00e1sico en la dieta mediterr\u00e1nea, es muy intenso y carnoso, y sobre todo un tomate refrescante. Un elemento agradable para nuestra cocina, adem\u00e1s de ser recomendable por sus vitaminas, minerales y fibras. Una delicia que destaca en nuestros platos por su acidez y dulzura bien complementadas.<\/p>\n","protected":false},"excerpt":{"rendered":"<p>Entre 4 y 5 tomates verdes de 1 kg en total<\/p>\n","protected":false},"featured_media":44442,"comment_status":"open","ping_status":"closed","template":"","meta":{"_acf_changed":false},"product_brand":[],"product_cat":[9096,9928],"product_tag":[9249,9250,9252,8120,9460,8252,8338,8370,9247,9248],"class_list":{"0":"post-44441","1":"product","2":"type-product","3":"status-publish","4":"has-post-thumbnail","6":"product_cat-frutas-verduras","7":"product_cat-verdura-es","8":"product_tag-fruites-i-verduresescofet-oliver","9":"product_tag-fresc","10":"product_tag-carniseria-escofet-oliver-es","11":"product_tag-frutas-es","12":"product_tag-tomate-verde","13":"product_tag-verde-es","14":"product_tag-natural-es","15":"product_tag-tomate-es","16":"product_tag-fruites","17":"product_tag-frutas-y-verduras","18":"product_shipping_class-entrega-en-domicilio","19":"pa_preciokg-10734","21":"first","22":"instock","23":"taxable","24":"shipping-taxable","25":"purchasable","26":"product-type-simple"},"acf":[],"_links":{"self":[{"href":"https:\/\/escofetoliver.com\/es\/wp-json\/wp\/v2\/product\/44441","targetHints":{"allow":["GET"]}}],"collection":[{"href":"https:\/\/escofetoliver.com\/es\/wp-json\/wp\/v2\/product"}],"about":[{"href":"https:\/\/escofetoliver.com\/es\/wp-json\/wp\/v2\/types\/product"}],"replies":[{"embeddable":true,"href":"https:\/\/escofetoliver.com\/es\/wp-json\/wp\/v2\/comments?post=44441"}],"wp:featuredmedia":[{"embeddable":true,"href":"https:\/\/escofetoliver.com\/es\/wp-json\/wp\/v2\/media\/44442"}],"wp:attachment":[{"href":"https:\/\/escofetoliver.com\/es\/wp-json\/wp\/v2\/media?parent=44441"}],"wp:term":[{"taxonomy":"product_brand","embeddable":true,"href":"https:\/\/escofetoliver.com\/es\/wp-json\/wp\/v2\/product_brand?post=44441"},{"taxonomy":"product_cat","embeddable":true,"href":"https:\/\/escofetoliver.com\/es\/wp-json\/wp\/v2\/product_cat?post=44441"},{"taxonomy":"product_tag","embeddable":true,"href":"https:\/\/escofetoliver.com\/es\/wp-json\/wp\/v2\/product_tag?post=44441"}],"curies":[{"name":"wp","href":"https:\/\/api.w.org\/{rel}","templated":true}]}}