{"id":44436,"date":"2022-07-07T10:50:49","date_gmt":"2022-07-07T08:50:49","guid":{"rendered":"https:\/\/escofetoliver.com\/?post_type=product&#038;p=44436"},"modified":"2026-03-10T09:44:07","modified_gmt":"2026-03-10T08:44:07","slug":"tomate-maduro-en-rama-8-10-unidades-1-kg","status":"publish","type":"product","link":"https:\/\/escofetoliver.com\/es\/tienda\/frutas-verduras\/verdura-es\/tomate-maduro-en-rama-8-10-unidades-1-kg\/","title":{"rendered":"Tomate maduro en rama &#8211; 8-10 unidades &#8211; 1 kg"},"content":{"rendered":"<p>El <strong>tomate maduro<\/strong> es un ingrediente clave de la alimentaci\u00f3n mediterr\u00e1nea. Se deja madurar durante m\u00e1s tiempo en la rama, ganando as\u00ed un intenso color rojo y sus notas combinadas de suavidad y acidez. Es muy saludable por ser bajo en grasas, rico en vitaminas y minerales y su fibra; adem\u00e1s de muy refrescante e hidratante.<\/p>\n","protected":false},"excerpt":{"rendered":"<p>Entre 8 y 10 tomates maduros en rama de 1 kg en total<\/p>\n","protected":false},"featured_media":44437,"comment_status":"open","ping_status":"closed","template":"","meta":{"_acf_changed":false},"product_brand":[],"product_cat":[9096,9928],"product_tag":[9249,9250,9251,9252,8120,9452,8338,9453,8370,9454,9455,9247,9248],"class_list":{"0":"post-44436","1":"product","2":"type-product","3":"status-publish","4":"has-post-thumbnail","6":"product_cat-frutas-verduras","7":"product_cat-verdura-es","8":"product_tag-fruites-i-verduresescofet-oliver","9":"product_tag-fresc","10":"product_tag-fruit","11":"product_tag-carniseria-escofet-oliver-es","12":"product_tag-frutas-es","13":"product_tag-tomate-en-rama","14":"product_tag-natural-es","15":"product_tag-rama","16":"product_tag-tomate-es","17":"product_tag-tomate-maduro-en-rama","18":"product_tag-maduro","19":"product_tag-fruites","20":"product_tag-frutas-y-verduras","21":"product_shipping_class-entrega-en-domicilio","22":"pa_preciokg-525-es","24":"first","25":"instock","26":"taxable","27":"shipping-taxable","28":"purchasable","29":"product-type-simple"},"acf":[],"_links":{"self":[{"href":"https:\/\/escofetoliver.com\/es\/wp-json\/wp\/v2\/product\/44436","targetHints":{"allow":["GET"]}}],"collection":[{"href":"https:\/\/escofetoliver.com\/es\/wp-json\/wp\/v2\/product"}],"about":[{"href":"https:\/\/escofetoliver.com\/es\/wp-json\/wp\/v2\/types\/product"}],"replies":[{"embeddable":true,"href":"https:\/\/escofetoliver.com\/es\/wp-json\/wp\/v2\/comments?post=44436"}],"wp:featuredmedia":[{"embeddable":true,"href":"https:\/\/escofetoliver.com\/es\/wp-json\/wp\/v2\/media\/44437"}],"wp:attachment":[{"href":"https:\/\/escofetoliver.com\/es\/wp-json\/wp\/v2\/media?parent=44436"}],"wp:term":[{"taxonomy":"product_brand","embeddable":true,"href":"https:\/\/escofetoliver.com\/es\/wp-json\/wp\/v2\/product_brand?post=44436"},{"taxonomy":"product_cat","embeddable":true,"href":"https:\/\/escofetoliver.com\/es\/wp-json\/wp\/v2\/product_cat?post=44436"},{"taxonomy":"product_tag","embeddable":true,"href":"https:\/\/escofetoliver.com\/es\/wp-json\/wp\/v2\/product_tag?post=44436"}],"curies":[{"name":"wp","href":"https:\/\/api.w.org\/{rel}","templated":true}]}}