{"id":44432,"date":"2022-07-07T10:38:39","date_gmt":"2022-07-07T08:38:39","guid":{"rendered":"https:\/\/escofetoliver.com\/?post_type=product&#038;p=44432"},"modified":"2026-05-05T09:25:04","modified_gmt":"2026-05-05T07:25:04","slug":"tomate-pera-8-unidades-1-kg","status":"publish","type":"product","link":"https:\/\/escofetoliver.com\/es\/tienda\/frutas-verduras\/verdura-es\/tomate-pera-8-unidades-1-kg\/","title":{"rendered":"Tomate &#8216;Pera&#8217; &#8211; 8 unidades &#8211; 1 kg"},"content":{"rendered":"<p>Este tipo de tomate tiene un color rojo intenso, forma ovalada y piel fina y se caracteriza por tener una pulpa muy carnosa de sabor dulce. Su sabor es una combinaci\u00f3n de \u00e1cido y dulce, y es deliciosa para cualquier plato.<br \/>\nEl tomate es uno de los ingredientes claves de la cocina mediterr\u00e1nea y muy saludable. Rico en vitaminas y minerales y tambi\u00e9n bajo en grasas. Es un elemento que contiene mucha agua (lo que hace muy refrescante) y tambi\u00e9n mucha fibra (que ayuda a regular nuestro tr\u00e1nsito intestinal).<\/p>\n","protected":false},"excerpt":{"rendered":"<p>8 tomates &#8216;Pera&#8217; de 1kg en total<\/p>\n","protected":false},"featured_media":44433,"comment_status":"open","ping_status":"closed","template":"","meta":{"_acf_changed":false},"product_brand":[],"product_cat":[9096,9928],"product_tag":[9251,9252,9448,8120,9449,8338,9247,9248,9249,9250],"class_list":{"0":"post-44432","1":"product","2":"type-product","3":"status-publish","4":"has-post-thumbnail","6":"product_cat-frutas-verduras","7":"product_cat-verdura-es","8":"product_tag-fruit","9":"product_tag-carniseria-escofet-oliver-es","10":"product_tag-tomates","11":"product_tag-frutas-es","12":"product_tag-tomates-pera","13":"product_tag-natural-es","14":"product_tag-fruites","15":"product_tag-frutas-y-verduras","16":"product_tag-fruites-i-verduresescofet-oliver","17":"product_tag-fresc","18":"product_shipping_class-entrega-en-domicilio","19":"pa_preciokg-10734","21":"first","22":"instock","23":"taxable","24":"shipping-taxable","25":"purchasable","26":"product-type-simple"},"acf":[],"_links":{"self":[{"href":"https:\/\/escofetoliver.com\/es\/wp-json\/wp\/v2\/product\/44432","targetHints":{"allow":["GET"]}}],"collection":[{"href":"https:\/\/escofetoliver.com\/es\/wp-json\/wp\/v2\/product"}],"about":[{"href":"https:\/\/escofetoliver.com\/es\/wp-json\/wp\/v2\/types\/product"}],"replies":[{"embeddable":true,"href":"https:\/\/escofetoliver.com\/es\/wp-json\/wp\/v2\/comments?post=44432"}],"wp:featuredmedia":[{"embeddable":true,"href":"https:\/\/escofetoliver.com\/es\/wp-json\/wp\/v2\/media\/44433"}],"wp:attachment":[{"href":"https:\/\/escofetoliver.com\/es\/wp-json\/wp\/v2\/media?parent=44432"}],"wp:term":[{"taxonomy":"product_brand","embeddable":true,"href":"https:\/\/escofetoliver.com\/es\/wp-json\/wp\/v2\/product_brand?post=44432"},{"taxonomy":"product_cat","embeddable":true,"href":"https:\/\/escofetoliver.com\/es\/wp-json\/wp\/v2\/product_cat?post=44432"},{"taxonomy":"product_tag","embeddable":true,"href":"https:\/\/escofetoliver.com\/es\/wp-json\/wp\/v2\/product_tag?post=44432"}],"curies":[{"name":"wp","href":"https:\/\/api.w.org\/{rel}","templated":true}]}}