{"id":44416,"date":"2022-07-07T09:54:19","date_gmt":"2022-07-07T07:54:19","guid":{"rendered":"https:\/\/escofetoliver.com\/?post_type=product&#038;p=44416"},"modified":"2026-03-12T09:21:41","modified_gmt":"2026-03-12T08:21:41","slug":"melon-bollo-vicentin-38","status":"publish","type":"product","link":"https:\/\/escofetoliver.com\/es\/tienda\/frutas-verduras\/fruta\/melon-bollo-vicentin-38\/","title":{"rendered":"Mel\u00f3n &#8216;Bollo&#8217;\/Vicentin de bodega\u00a0&#8211; 1 pieza &#8211; 3,8 kg"},"content":{"rendered":"<p>El Mel\u00f3n Bollo Etiqueta Negra o el Mel\u00f3n Vicentin se ha convertido en el referente de melones de alta gama por su sabor especial, a la vez que fresco y jugoso. Para enamorar a todos tus comensales, acomp\u00e1\u00f1alo con jam\u00f3n serrano,gambas y salsa rosa o en un fresquito batido.<\/p>\n","protected":false},"excerpt":{"rendered":"<p>1 Mel\u00f3n &#8216;Bollo&#8217; de\u00a0 3,8 kg en total.<\/p>\n","protected":false},"featured_media":44417,"comment_status":"open","ping_status":"closed","template":"","meta":{"_acf_changed":false},"product_brand":[],"product_cat":[9096,9930],"product_tag":[9252,8120,8338,9247,9248,9249,9250,9251],"class_list":{"0":"post-44416","1":"product","2":"type-product","3":"status-publish","4":"has-post-thumbnail","6":"product_cat-frutas-verduras","7":"product_cat-fruta","8":"product_tag-carniseria-escofet-oliver-es","9":"product_tag-frutas-es","10":"product_tag-natural-es","11":"product_tag-fruites","12":"product_tag-frutas-y-verduras","13":"product_tag-fruites-i-verduresescofet-oliver","14":"product_tag-fresc","15":"product_tag-fruit","16":"product_shipping_class-entrega-en-domicilio","17":"pa_preciokg-10759","19":"first","20":"instock","21":"taxable","22":"shipping-taxable","23":"purchasable","24":"product-type-simple"},"acf":[],"_links":{"self":[{"href":"https:\/\/escofetoliver.com\/es\/wp-json\/wp\/v2\/product\/44416","targetHints":{"allow":["GET"]}}],"collection":[{"href":"https:\/\/escofetoliver.com\/es\/wp-json\/wp\/v2\/product"}],"about":[{"href":"https:\/\/escofetoliver.com\/es\/wp-json\/wp\/v2\/types\/product"}],"replies":[{"embeddable":true,"href":"https:\/\/escofetoliver.com\/es\/wp-json\/wp\/v2\/comments?post=44416"}],"wp:featuredmedia":[{"embeddable":true,"href":"https:\/\/escofetoliver.com\/es\/wp-json\/wp\/v2\/media\/44417"}],"wp:attachment":[{"href":"https:\/\/escofetoliver.com\/es\/wp-json\/wp\/v2\/media?parent=44416"}],"wp:term":[{"taxonomy":"product_brand","embeddable":true,"href":"https:\/\/escofetoliver.com\/es\/wp-json\/wp\/v2\/product_brand?post=44416"},{"taxonomy":"product_cat","embeddable":true,"href":"https:\/\/escofetoliver.com\/es\/wp-json\/wp\/v2\/product_cat?post=44416"},{"taxonomy":"product_tag","embeddable":true,"href":"https:\/\/escofetoliver.com\/es\/wp-json\/wp\/v2\/product_tag?post=44416"}],"curies":[{"name":"wp","href":"https:\/\/api.w.org\/{rel}","templated":true}]}}