{"id":44407,"date":"2022-07-07T09:29:41","date_gmt":"2022-07-07T07:29:41","guid":{"rendered":"https:\/\/escofetoliver.com\/?post_type=product&#038;p=44407"},"modified":"2025-01-02T09:26:56","modified_gmt":"2025-01-02T08:26:56","slug":"grosella","status":"publish","type":"product","link":"https:\/\/escofetoliver.com\/es\/tienda\/frutas-verduras\/fruta\/grosella\/","title":{"rendered":"Grosella &#8211; 125 g"},"content":{"rendered":"<p>La grosella es una baya de tama\u00f1o peque\u00f1o y de color rojo, su principal caracter\u00edstica es su sabor \u00e1cido, y su carne muy jugosa. Las grosellas tienen un alto contenido en vitamina C, por lo que son unos excelentes antioxidantes. Adem\u00e1s, son una fruta baja en grasas, por eso, son perfectas para las dietas de adelgazamiento. Tambi\u00e9n tienen mucha fibra.<\/p>\n<p>Las grosellas se utilizan especialmente en reposter\u00eda, y para elaborar mermeladas, tartas y helados, por su sabor agridulce. Aunque tambi\u00e9n se utilizan para acompa\u00f1ar platos de carne, ya que el contraste de sabores que se consigue es delicioso.<\/p>\n","protected":false},"excerpt":{"rendered":"<p>125 g de grosella<\/p>\n","protected":false},"featured_media":44408,"comment_status":"open","ping_status":"closed","template":"","meta":{"_acf_changed":false},"product_brand":[],"product_cat":[9096,9930],"product_tag":[9252,8120,8338,9247,9248,9249,9250,9251],"class_list":{"0":"post-44407","1":"product","2":"type-product","3":"status-publish","4":"has-post-thumbnail","6":"product_cat-frutas-verduras","7":"product_cat-fruta","8":"product_tag-carniseria-escofet-oliver-es","9":"product_tag-frutas-es","10":"product_tag-natural-es","11":"product_tag-fruites","12":"product_tag-frutas-y-verduras","13":"product_tag-fruites-i-verduresescofet-oliver","14":"product_tag-fresc","15":"product_tag-fruit","16":"product_shipping_class-entrega-en-domicilio","18":"first","19":"instock","20":"taxable","21":"shipping-taxable","22":"purchasable","23":"product-type-simple"},"acf":[],"_links":{"self":[{"href":"https:\/\/escofetoliver.com\/es\/wp-json\/wp\/v2\/product\/44407","targetHints":{"allow":["GET"]}}],"collection":[{"href":"https:\/\/escofetoliver.com\/es\/wp-json\/wp\/v2\/product"}],"about":[{"href":"https:\/\/escofetoliver.com\/es\/wp-json\/wp\/v2\/types\/product"}],"replies":[{"embeddable":true,"href":"https:\/\/escofetoliver.com\/es\/wp-json\/wp\/v2\/comments?post=44407"}],"wp:featuredmedia":[{"embeddable":true,"href":"https:\/\/escofetoliver.com\/es\/wp-json\/wp\/v2\/media\/44408"}],"wp:attachment":[{"href":"https:\/\/escofetoliver.com\/es\/wp-json\/wp\/v2\/media?parent=44407"}],"wp:term":[{"taxonomy":"product_brand","embeddable":true,"href":"https:\/\/escofetoliver.com\/es\/wp-json\/wp\/v2\/product_brand?post=44407"},{"taxonomy":"product_cat","embeddable":true,"href":"https:\/\/escofetoliver.com\/es\/wp-json\/wp\/v2\/product_cat?post=44407"},{"taxonomy":"product_tag","embeddable":true,"href":"https:\/\/escofetoliver.com\/es\/wp-json\/wp\/v2\/product_tag?post=44407"}],"curies":[{"name":"wp","href":"https:\/\/api.w.org\/{rel}","templated":true}]}}