{"id":44378,"date":"2022-07-06T17:31:48","date_gmt":"2022-07-06T15:31:48","guid":{"rendered":"https:\/\/escofetoliver.com\/?post_type=product&#038;p=44378"},"modified":"2025-02-05T18:12:58","modified_gmt":"2025-02-05T17:12:58","slug":"papaya","status":"publish","type":"product","link":"https:\/\/escofetoliver.com\/es\/tienda\/frutas-verduras\/fruta\/papaya\/","title":{"rendered":"Papaya &#8211; 1\/2 &#8211; 1 kg"},"content":{"rendered":"<p>La <strong>papaya<\/strong> es una fruta dulce y refrescante que tan solo tiene 39 calor\u00edas por cada 100 gramos, y cada raci\u00f3n est\u00e1 repleta de betacarotenos. Adem\u00e1s, al ser rica en potasio y tener un bajo contenido en sodio, evita la retenci\u00f3n de l\u00edquidos. Su versatilidad en la reposter\u00eda, la helader\u00eda y en los batidos de frutas la hace esencial todo el a\u00f1o.<\/p>\n","protected":false},"excerpt":{"rendered":"<p>Media papaya de 1 kg.<\/p>\n","protected":false},"featured_media":44379,"comment_status":"open","ping_status":"closed","template":"","meta":{"_acf_changed":false},"product_brand":[],"product_cat":[9096,9930],"product_tag":[9248,9250,9251,9252,7495,9400,8120,8338,9240,9247],"class_list":{"0":"post-44378","1":"product","2":"type-product","3":"status-publish","4":"has-post-thumbnail","6":"product_cat-frutas-verduras","7":"product_cat-fruta","8":"product_tag-frutas-y-verduras","9":"product_tag-fresc","10":"product_tag-fruit","11":"product_tag-carniseria-escofet-oliver-es","12":"product_tag-escofet-oliver-es","13":"product_tag-papaya","14":"product_tag-frutas-es","15":"product_tag-natural-es","16":"product_tag-fruites-i-verdures-es","17":"product_tag-fruites","18":"product_shipping_class-entrega-en-domicilio","19":"pa_preciokg-525-2","21":"first","22":"instock","23":"taxable","24":"shipping-taxable","25":"purchasable","26":"product-type-simple"},"acf":[],"_links":{"self":[{"href":"https:\/\/escofetoliver.com\/es\/wp-json\/wp\/v2\/product\/44378","targetHints":{"allow":["GET"]}}],"collection":[{"href":"https:\/\/escofetoliver.com\/es\/wp-json\/wp\/v2\/product"}],"about":[{"href":"https:\/\/escofetoliver.com\/es\/wp-json\/wp\/v2\/types\/product"}],"replies":[{"embeddable":true,"href":"https:\/\/escofetoliver.com\/es\/wp-json\/wp\/v2\/comments?post=44378"}],"wp:featuredmedia":[{"embeddable":true,"href":"https:\/\/escofetoliver.com\/es\/wp-json\/wp\/v2\/media\/44379"}],"wp:attachment":[{"href":"https:\/\/escofetoliver.com\/es\/wp-json\/wp\/v2\/media?parent=44378"}],"wp:term":[{"taxonomy":"product_brand","embeddable":true,"href":"https:\/\/escofetoliver.com\/es\/wp-json\/wp\/v2\/product_brand?post=44378"},{"taxonomy":"product_cat","embeddable":true,"href":"https:\/\/escofetoliver.com\/es\/wp-json\/wp\/v2\/product_cat?post=44378"},{"taxonomy":"product_tag","embeddable":true,"href":"https:\/\/escofetoliver.com\/es\/wp-json\/wp\/v2\/product_tag?post=44378"}],"curies":[{"name":"wp","href":"https:\/\/api.w.org\/{rel}","templated":true}]}}