{"id":44370,"date":"2022-07-06T17:17:17","date_gmt":"2022-07-06T15:17:17","guid":{"rendered":"https:\/\/escofetoliver.com\/?post_type=product&#038;p=44370"},"modified":"2025-01-02T09:21:12","modified_gmt":"2025-01-02T08:21:12","slug":"kiwi-verde","status":"publish","type":"product","link":"https:\/\/escofetoliver.com\/es\/tienda\/frutas-verduras\/fruta\/kiwi-verde\/","title":{"rendered":"Kiwi verde &#8211; 6 unidades &#8211; 1 kg"},"content":{"rendered":"<p>El<strong> kiwi verde<\/strong> es refrescante, jugoso y tiene un sabor ligeramente \u00e1cido. Gracias a su tama\u00f1o, es id\u00f3neo para llevarlo contigo all\u00e1 donde vayas y, adem\u00e1s, te aporta las vitaminas y los minerales que necesitas. Es ideal tambi\u00e9n para tus batidos m\u00e1s sanos y refrescantes.<\/p>\n","protected":false},"excerpt":{"rendered":"<p>1 kg de kiwis a granel.<\/p>\n","protected":false},"featured_media":44371,"comment_status":"open","ping_status":"closed","template":"","meta":{"_acf_changed":false},"product_brand":[],"product_cat":[9930,9096],"product_tag":[9247,9248,9250,9251,7495,9252,8120,9395,8252,9396,8338,9240],"class_list":{"0":"post-44370","1":"product","2":"type-product","3":"status-publish","4":"has-post-thumbnail","6":"product_cat-fruta","7":"product_cat-frutas-verduras","8":"product_tag-fruites","9":"product_tag-frutas-y-verduras","10":"product_tag-fresc","11":"product_tag-fruit","12":"product_tag-escofet-oliver-es","13":"product_tag-carniseria-escofet-oliver-es","14":"product_tag-frutas-es","15":"product_tag-kiwi","16":"product_tag-verde-es","17":"product_tag-kiwis","18":"product_tag-natural-es","19":"product_tag-fruites-i-verdures-es","20":"product_shipping_class-entrega-en-domicilio","21":"pa_preciokg-735-es","23":"first","24":"instock","25":"taxable","26":"shipping-taxable","27":"purchasable","28":"product-type-simple"},"acf":[],"_links":{"self":[{"href":"https:\/\/escofetoliver.com\/es\/wp-json\/wp\/v2\/product\/44370","targetHints":{"allow":["GET"]}}],"collection":[{"href":"https:\/\/escofetoliver.com\/es\/wp-json\/wp\/v2\/product"}],"about":[{"href":"https:\/\/escofetoliver.com\/es\/wp-json\/wp\/v2\/types\/product"}],"replies":[{"embeddable":true,"href":"https:\/\/escofetoliver.com\/es\/wp-json\/wp\/v2\/comments?post=44370"}],"wp:featuredmedia":[{"embeddable":true,"href":"https:\/\/escofetoliver.com\/es\/wp-json\/wp\/v2\/media\/44371"}],"wp:attachment":[{"href":"https:\/\/escofetoliver.com\/es\/wp-json\/wp\/v2\/media?parent=44370"}],"wp:term":[{"taxonomy":"product_brand","embeddable":true,"href":"https:\/\/escofetoliver.com\/es\/wp-json\/wp\/v2\/product_brand?post=44370"},{"taxonomy":"product_cat","embeddable":true,"href":"https:\/\/escofetoliver.com\/es\/wp-json\/wp\/v2\/product_cat?post=44370"},{"taxonomy":"product_tag","embeddable":true,"href":"https:\/\/escofetoliver.com\/es\/wp-json\/wp\/v2\/product_tag?post=44370"}],"curies":[{"name":"wp","href":"https:\/\/api.w.org\/{rel}","templated":true}]}}