{"id":44362,"date":"2022-07-06T17:08:55","date_gmt":"2022-07-06T15:08:55","guid":{"rendered":"https:\/\/escofetoliver.com\/?post_type=product&#038;p=44362"},"modified":"2026-04-24T13:10:26","modified_gmt":"2026-04-24T11:10:26","slug":"nectarina","status":"publish","type":"product","link":"https:\/\/escofetoliver.com\/es\/tienda\/frutas-verduras\/fruta\/nectarina\/","title":{"rendered":"Nectarina &#8211; 5-6 unidades &#8211; 1 kg"},"content":{"rendered":"<p>La <strong>nectarina<\/strong> destaca por su alto contenido en agua, lo que la hace s\u00faper refrescante y, por tanto, genial para el verano y para eliminar l\u00edquidos. Tambi\u00e9n destaca por su contenido en vitamina A, que ayuda a mantener una visi\u00f3n, cabello y huesos estupendos, vitamina C y B3, minerales, y fibra para regular el tr\u00e1nsito intestinal.<\/p>\n","protected":false},"excerpt":{"rendered":"<p>1 kg de nectarinas a granel.<\/p>\n","protected":false},"featured_media":44363,"comment_status":"open","ping_status":"closed","template":"","meta":{"_acf_changed":false},"product_brand":[],"product_cat":[9096,9930],"product_tag":[8120,8338,9240,9247,9248,9250,9251,9252,7495,9392],"class_list":{"0":"post-44362","1":"product","2":"type-product","3":"status-publish","4":"has-post-thumbnail","6":"product_cat-frutas-verduras","7":"product_cat-fruta","8":"product_tag-frutas-es","9":"product_tag-natural-es","10":"product_tag-fruites-i-verdures-es","11":"product_tag-fruites","12":"product_tag-frutas-y-verduras","13":"product_tag-fresc","14":"product_tag-fruit","15":"product_tag-carniseria-escofet-oliver-es","16":"product_tag-escofet-oliver-es","17":"product_tag-necatrina","18":"product_shipping_class-entrega-en-domicilio","19":"pa_preciokg-1355-2","21":"first","22":"instock","23":"taxable","24":"shipping-taxable","25":"purchasable","26":"product-type-simple"},"acf":[],"_links":{"self":[{"href":"https:\/\/escofetoliver.com\/es\/wp-json\/wp\/v2\/product\/44362","targetHints":{"allow":["GET"]}}],"collection":[{"href":"https:\/\/escofetoliver.com\/es\/wp-json\/wp\/v2\/product"}],"about":[{"href":"https:\/\/escofetoliver.com\/es\/wp-json\/wp\/v2\/types\/product"}],"replies":[{"embeddable":true,"href":"https:\/\/escofetoliver.com\/es\/wp-json\/wp\/v2\/comments?post=44362"}],"wp:featuredmedia":[{"embeddable":true,"href":"https:\/\/escofetoliver.com\/es\/wp-json\/wp\/v2\/media\/44363"}],"wp:attachment":[{"href":"https:\/\/escofetoliver.com\/es\/wp-json\/wp\/v2\/media?parent=44362"}],"wp:term":[{"taxonomy":"product_brand","embeddable":true,"href":"https:\/\/escofetoliver.com\/es\/wp-json\/wp\/v2\/product_brand?post=44362"},{"taxonomy":"product_cat","embeddable":true,"href":"https:\/\/escofetoliver.com\/es\/wp-json\/wp\/v2\/product_cat?post=44362"},{"taxonomy":"product_tag","embeddable":true,"href":"https:\/\/escofetoliver.com\/es\/wp-json\/wp\/v2\/product_tag?post=44362"}],"curies":[{"name":"wp","href":"https:\/\/api.w.org\/{rel}","templated":true}]}}