{"id":44354,"date":"2022-07-06T16:54:12","date_gmt":"2022-07-06T14:54:12","guid":{"rendered":"https:\/\/escofetoliver.com\/?post_type=product&#038;p=44354"},"modified":"2025-12-02T10:22:06","modified_gmt":"2025-12-02T09:22:06","slug":"fresas-maresme","status":"publish","type":"product","link":"https:\/\/escofetoliver.com\/es\/tienda\/frutas-verduras\/fruta\/fresas-maresme\/","title":{"rendered":"Fres\u00f3n de Maresme &#8211; bandeja 12 unidades &#8211; 500 g"},"content":{"rendered":"<p>Los <strong>fresones<\/strong> pertenecen a la familia de las fresas, y se diferencian de estas por ser m\u00e1s grandes. El fres\u00f3n es una fruta de un color rojo brillante, de carne jugosa y sabor \u00e1cido pero dulce a la vez. Debido a su elevado contenido en agua (90%) es bajo en calor\u00edas. Adem\u00e1s, es rico en vitamina C, por lo que es un gran antioxidante.<\/p>\n","protected":false},"excerpt":{"rendered":"<p>500 g de fresas a granel.<\/p>\n","protected":false},"featured_media":44355,"comment_status":"open","ping_status":"closed","template":"","meta":{"_acf_changed":false},"product_brand":[],"product_cat":[9930,9096],"product_tag":[9247,9248,9250,7495,9251,7497,9252,8120,8121,8338,9240],"class_list":{"0":"post-44354","1":"product","2":"type-product","3":"status-publish","4":"has-post-thumbnail","6":"product_cat-fruta","7":"product_cat-frutas-verduras","8":"product_tag-fruites","9":"product_tag-frutas-y-verduras","10":"product_tag-fresc","11":"product_tag-escofet-oliver-es","12":"product_tag-fruit","13":"product_tag-catalunya-es","14":"product_tag-carniseria-escofet-oliver-es","15":"product_tag-frutas-es","16":"product_tag-maduixa-es","17":"product_tag-natural-es","18":"product_tag-fruites-i-verdures-es","19":"product_shipping_class-entrega-en-domicilio","20":"pa_preciokg-1045-2","22":"first","23":"instock","24":"taxable","25":"shipping-taxable","26":"purchasable","27":"product-type-simple"},"acf":[],"_links":{"self":[{"href":"https:\/\/escofetoliver.com\/es\/wp-json\/wp\/v2\/product\/44354","targetHints":{"allow":["GET"]}}],"collection":[{"href":"https:\/\/escofetoliver.com\/es\/wp-json\/wp\/v2\/product"}],"about":[{"href":"https:\/\/escofetoliver.com\/es\/wp-json\/wp\/v2\/types\/product"}],"replies":[{"embeddable":true,"href":"https:\/\/escofetoliver.com\/es\/wp-json\/wp\/v2\/comments?post=44354"}],"wp:featuredmedia":[{"embeddable":true,"href":"https:\/\/escofetoliver.com\/es\/wp-json\/wp\/v2\/media\/44355"}],"wp:attachment":[{"href":"https:\/\/escofetoliver.com\/es\/wp-json\/wp\/v2\/media?parent=44354"}],"wp:term":[{"taxonomy":"product_brand","embeddable":true,"href":"https:\/\/escofetoliver.com\/es\/wp-json\/wp\/v2\/product_brand?post=44354"},{"taxonomy":"product_cat","embeddable":true,"href":"https:\/\/escofetoliver.com\/es\/wp-json\/wp\/v2\/product_cat?post=44354"},{"taxonomy":"product_tag","embeddable":true,"href":"https:\/\/escofetoliver.com\/es\/wp-json\/wp\/v2\/product_tag?post=44354"}],"curies":[{"name":"wp","href":"https:\/\/api.w.org\/{rel}","templated":true}]}}