{"id":44335,"date":"2022-07-06T12:23:09","date_gmt":"2022-07-06T10:23:09","guid":{"rendered":"https:\/\/escofetoliver.com\/?post_type=product&#038;p=44335"},"modified":"2026-03-11T10:24:51","modified_gmt":"2026-03-11T09:24:51","slug":"naranja-mesa-sanahuja","status":"publish","type":"product","link":"https:\/\/escofetoliver.com\/es\/tienda\/frutas-verduras\/fruta\/naranja-mesa-sanahuja\/","title":{"rendered":"Naranja de Mesa &#8216;Sanahuja&#8217; &#8211; 3 unidades &#8211; 1 kg"},"content":{"rendered":"<p>La naranja aporta mucha vitamina C, lo cual, adem\u00e1s de fortalecer el organismo, es muy antioxidante. Es un esencial en invierno contra los resfriados, y el resto del a\u00f1o para tus zumos m\u00e1s refrescantes y repletos de vitaminas.<\/p>\n","protected":false},"excerpt":{"rendered":"<p><span>3 unidades a granel de naranjas de tipos &#8216;Sanahuja&#8217;. Peso aproximado, 1 kg.<\/span><\/p>\n<p><span style=\"font-size: 14px;\">El peso (y la cantidad) puede presentar variaciones.<\/span><\/p>\n","protected":false},"featured_media":54715,"comment_status":"open","ping_status":"closed","template":"","meta":{"_acf_changed":false},"product_brand":[],"product_cat":[9096,9930],"product_tag":[9251,9252,8120,9361,8125,9362,8338,9363,9247,9248,9249,9250],"class_list":{"0":"post-44335","1":"product","2":"type-product","3":"status-publish","4":"has-post-thumbnail","6":"product_cat-frutas-verduras","7":"product_cat-fruta","8":"product_tag-fruit","9":"product_tag-carniseria-escofet-oliver-es","10":"product_tag-frutas-es","11":"product_tag-naranja-de-mesa","12":"product_tag-naranja-es","13":"product_tag-naranja-de-mesa-sanahuja","14":"product_tag-natural-es","15":"product_tag-sanahuja","16":"product_tag-fruites","17":"product_tag-frutas-y-verduras","18":"product_tag-fruites-i-verduresescofet-oliver","19":"product_tag-fresc","20":"product_shipping_class-entrega-en-domicilio","21":"pa_preciokg-525-2","23":"first","24":"instock","25":"taxable","26":"shipping-taxable","27":"purchasable","28":"product-type-simple"},"acf":[],"_links":{"self":[{"href":"https:\/\/escofetoliver.com\/es\/wp-json\/wp\/v2\/product\/44335","targetHints":{"allow":["GET"]}}],"collection":[{"href":"https:\/\/escofetoliver.com\/es\/wp-json\/wp\/v2\/product"}],"about":[{"href":"https:\/\/escofetoliver.com\/es\/wp-json\/wp\/v2\/types\/product"}],"replies":[{"embeddable":true,"href":"https:\/\/escofetoliver.com\/es\/wp-json\/wp\/v2\/comments?post=44335"}],"wp:featuredmedia":[{"embeddable":true,"href":"https:\/\/escofetoliver.com\/es\/wp-json\/wp\/v2\/media\/54715"}],"wp:attachment":[{"href":"https:\/\/escofetoliver.com\/es\/wp-json\/wp\/v2\/media?parent=44335"}],"wp:term":[{"taxonomy":"product_brand","embeddable":true,"href":"https:\/\/escofetoliver.com\/es\/wp-json\/wp\/v2\/product_brand?post=44335"},{"taxonomy":"product_cat","embeddable":true,"href":"https:\/\/escofetoliver.com\/es\/wp-json\/wp\/v2\/product_cat?post=44335"},{"taxonomy":"product_tag","embeddable":true,"href":"https:\/\/escofetoliver.com\/es\/wp-json\/wp\/v2\/product_tag?post=44335"}],"curies":[{"name":"wp","href":"https:\/\/api.w.org\/{rel}","templated":true}]}}