{"id":44323,"date":"2022-07-06T11:48:09","date_gmt":"2022-07-06T09:48:09","guid":{"rendered":"https:\/\/escofetoliver.com\/?post_type=product&#038;p=44323"},"modified":"2026-04-14T09:27:42","modified_gmt":"2026-04-14T07:27:42","slug":"melocoton-de-agua-5-unidades-1-kg","status":"publish","type":"product","link":"https:\/\/escofetoliver.com\/es\/tienda\/frutas-verduras\/fruta\/melocoton-de-agua-5-unidades-1-kg\/","title":{"rendered":"Melocot\u00f3n de agua &#8211; 5 unidades &#8211; 1 kg"},"content":{"rendered":"<p>El melocot\u00f3n de agua, o de San Juan, entra bien por su jugosidad y su toque dulce. Una delicia para \u00e9pocas de calor y que nos aporta minerales y vitaminas a la salud, adem\u00e1s de ser una fuente de antioxidantes.<\/p>\n","protected":false},"excerpt":{"rendered":"<p>5 melocotones de agua de 1kg en total<\/p>\n","protected":false},"featured_media":44324,"comment_status":"open","ping_status":"closed","template":"","meta":{"_acf_changed":false},"product_brand":[],"product_cat":[9096,9930],"product_tag":[9249,9250,9251,9252,8120,9354,8262,8338,9247,9248],"class_list":{"0":"post-44323","1":"product","2":"type-product","3":"status-publish","4":"has-post-thumbnail","6":"product_cat-frutas-verduras","7":"product_cat-fruta","8":"product_tag-fruites-i-verduresescofet-oliver","9":"product_tag-fresc","10":"product_tag-fruit","11":"product_tag-carniseria-escofet-oliver-es","12":"product_tag-frutas-es","13":"product_tag-melocoton-de-agua","14":"product_tag-melocoton-es","15":"product_tag-natural-es","16":"product_tag-fruites","17":"product_tag-frutas-y-verduras","18":"product_shipping_class-entrega-en-domicilio","19":"pa_preciokg-10908","21":"first","22":"instock","23":"taxable","24":"shipping-taxable","25":"purchasable","26":"product-type-simple"},"acf":[],"_links":{"self":[{"href":"https:\/\/escofetoliver.com\/es\/wp-json\/wp\/v2\/product\/44323","targetHints":{"allow":["GET"]}}],"collection":[{"href":"https:\/\/escofetoliver.com\/es\/wp-json\/wp\/v2\/product"}],"about":[{"href":"https:\/\/escofetoliver.com\/es\/wp-json\/wp\/v2\/types\/product"}],"replies":[{"embeddable":true,"href":"https:\/\/escofetoliver.com\/es\/wp-json\/wp\/v2\/comments?post=44323"}],"wp:featuredmedia":[{"embeddable":true,"href":"https:\/\/escofetoliver.com\/es\/wp-json\/wp\/v2\/media\/44324"}],"wp:attachment":[{"href":"https:\/\/escofetoliver.com\/es\/wp-json\/wp\/v2\/media?parent=44323"}],"wp:term":[{"taxonomy":"product_brand","embeddable":true,"href":"https:\/\/escofetoliver.com\/es\/wp-json\/wp\/v2\/product_brand?post=44323"},{"taxonomy":"product_cat","embeddable":true,"href":"https:\/\/escofetoliver.com\/es\/wp-json\/wp\/v2\/product_cat?post=44323"},{"taxonomy":"product_tag","embeddable":true,"href":"https:\/\/escofetoliver.com\/es\/wp-json\/wp\/v2\/product_tag?post=44323"}],"curies":[{"name":"wp","href":"https:\/\/api.w.org\/{rel}","templated":true}]}}