{"id":44295,"date":"2022-07-06T10:33:23","date_gmt":"2022-07-06T08:33:23","guid":{"rendered":"https:\/\/escofetoliver.com\/?post_type=product&#038;p=44295"},"modified":"2026-03-12T09:23:02","modified_gmt":"2026-03-12T08:23:02","slug":"ciruela-roja-5-unidades-500-g","status":"publish","type":"product","link":"https:\/\/escofetoliver.com\/es\/tienda\/frutas-verduras\/fruta\/ciruela-roja-5-unidades-500-g\/","title":{"rendered":"Ciruela roja &#8211; 5 unidades &#8211; 500 g"},"content":{"rendered":"<p>La ciruela roja es un fruto agradable que destaca en nuestro paladar por ese sabor dulce y \u00e1cido, tan \u00fanico. Un buen elemento para aportar a nuestra salud unos cuantos antioxidantes, vitaminas y minerales. Tambi\u00e9n es un ingrediente que puede alegrar ensaladas, salsas y platos de reposter\u00eda (como hojaldres).<\/p>\n","protected":false},"excerpt":{"rendered":"<p>5 ciruelas rojas de 500 g en total<\/p>\n","protected":false},"featured_media":44296,"comment_status":"open","ping_status":"closed","template":"","meta":{"_acf_changed":false},"product_brand":[],"product_cat":[9930,9096],"product_tag":[9251,9252,9329,8120,8338,9247,9248,9249,9250],"class_list":{"0":"post-44295","1":"product","2":"type-product","3":"status-publish","4":"has-post-thumbnail","6":"product_cat-fruta","7":"product_cat-frutas-verduras","8":"product_tag-fruit","9":"product_tag-carniseria-escofet-oliver-es","10":"product_tag-pruna-vermella","11":"product_tag-frutas-es","12":"product_tag-natural-es","13":"product_tag-fruites","14":"product_tag-frutas-y-verduras","15":"product_tag-fruites-i-verduresescofet-oliver","16":"product_tag-fresc","17":"product_shipping_class-entrega-en-domicilio","18":"pa_preciokg-630-es","20":"first","21":"instock","22":"taxable","23":"shipping-taxable","24":"purchasable","25":"product-type-simple"},"acf":[],"_links":{"self":[{"href":"https:\/\/escofetoliver.com\/es\/wp-json\/wp\/v2\/product\/44295","targetHints":{"allow":["GET"]}}],"collection":[{"href":"https:\/\/escofetoliver.com\/es\/wp-json\/wp\/v2\/product"}],"about":[{"href":"https:\/\/escofetoliver.com\/es\/wp-json\/wp\/v2\/types\/product"}],"replies":[{"embeddable":true,"href":"https:\/\/escofetoliver.com\/es\/wp-json\/wp\/v2\/comments?post=44295"}],"wp:featuredmedia":[{"embeddable":true,"href":"https:\/\/escofetoliver.com\/es\/wp-json\/wp\/v2\/media\/44296"}],"wp:attachment":[{"href":"https:\/\/escofetoliver.com\/es\/wp-json\/wp\/v2\/media?parent=44295"}],"wp:term":[{"taxonomy":"product_brand","embeddable":true,"href":"https:\/\/escofetoliver.com\/es\/wp-json\/wp\/v2\/product_brand?post=44295"},{"taxonomy":"product_cat","embeddable":true,"href":"https:\/\/escofetoliver.com\/es\/wp-json\/wp\/v2\/product_cat?post=44295"},{"taxonomy":"product_tag","embeddable":true,"href":"https:\/\/escofetoliver.com\/es\/wp-json\/wp\/v2\/product_tag?post=44295"}],"curies":[{"name":"wp","href":"https:\/\/api.w.org\/{rel}","templated":true}]}}