{"id":44284,"date":"2022-07-06T10:03:55","date_gmt":"2022-07-06T08:03:55","guid":{"rendered":"https:\/\/escofetoliver.com\/?post_type=product&#038;p=44284"},"modified":"2025-07-11T10:20:30","modified_gmt":"2025-07-11T08:20:30","slug":"albaricoques-12-unidades-1-kg","status":"publish","type":"product","link":"https:\/\/escofetoliver.com\/es\/tienda\/frutas-verduras\/fruta\/albaricoques-12-unidades-1-kg\/","title":{"rendered":"Albaricoques &#8211; 12 unidades &#8211; 1 kg"},"content":{"rendered":"<p>El albaricoque es una fruta dulce y muy refrescante que contiene un mont\u00f3n de nutrientes como provitamina A, vitamina C o minerales como el calcio o el magnesio, lo que lo hace id\u00f3neo para los m\u00e1s peques, ya que los ayuda a crecer fuertes y sanos. Adem\u00e1s, posee un alto contenido en fibra para combatir los problemas de tr\u00e1nsito intestinal y tambi\u00e9n ayuda contra la hipertensi\u00f3n.<\/p>\n","protected":false},"excerpt":{"rendered":"<p>12 albaricoques de 1kg en total<\/p>\n","protected":false},"featured_media":44285,"comment_status":"open","ping_status":"closed","template":"","meta":{"_acf_changed":false},"product_brand":[],"product_cat":[9930,9096],"product_tag":[9252,8120,8338,9247,9248,9249,9250,9251],"class_list":{"0":"post-44284","1":"product","2":"type-product","3":"status-publish","4":"has-post-thumbnail","6":"product_cat-fruta","7":"product_cat-frutas-verduras","8":"product_tag-carniseria-escofet-oliver-es","9":"product_tag-frutas-es","10":"product_tag-natural-es","11":"product_tag-fruites","12":"product_tag-frutas-y-verduras","13":"product_tag-fruites-i-verduresescofet-oliver","14":"product_tag-fresc","15":"product_tag-fruit","16":"product_shipping_class-entrega-en-domicilio","17":"pa_preciokg-525-2","19":"first","20":"instock","21":"taxable","22":"shipping-taxable","23":"purchasable","24":"product-type-simple"},"acf":[],"_links":{"self":[{"href":"https:\/\/escofetoliver.com\/es\/wp-json\/wp\/v2\/product\/44284","targetHints":{"allow":["GET"]}}],"collection":[{"href":"https:\/\/escofetoliver.com\/es\/wp-json\/wp\/v2\/product"}],"about":[{"href":"https:\/\/escofetoliver.com\/es\/wp-json\/wp\/v2\/types\/product"}],"replies":[{"embeddable":true,"href":"https:\/\/escofetoliver.com\/es\/wp-json\/wp\/v2\/comments?post=44284"}],"wp:featuredmedia":[{"embeddable":true,"href":"https:\/\/escofetoliver.com\/es\/wp-json\/wp\/v2\/media\/44285"}],"wp:attachment":[{"href":"https:\/\/escofetoliver.com\/es\/wp-json\/wp\/v2\/media?parent=44284"}],"wp:term":[{"taxonomy":"product_brand","embeddable":true,"href":"https:\/\/escofetoliver.com\/es\/wp-json\/wp\/v2\/product_brand?post=44284"},{"taxonomy":"product_cat","embeddable":true,"href":"https:\/\/escofetoliver.com\/es\/wp-json\/wp\/v2\/product_cat?post=44284"},{"taxonomy":"product_tag","embeddable":true,"href":"https:\/\/escofetoliver.com\/es\/wp-json\/wp\/v2\/product_tag?post=44284"}],"curies":[{"name":"wp","href":"https:\/\/api.w.org\/{rel}","templated":true}]}}