{"id":44255,"date":"2022-07-05T12:51:04","date_gmt":"2022-07-05T10:51:04","guid":{"rendered":"https:\/\/escofetoliver.com\/?post_type=product&#038;p=44255"},"modified":"2026-04-08T12:57:31","modified_gmt":"2026-04-08T10:57:31","slug":"mandarina","status":"publish","type":"product","link":"https:\/\/escofetoliver.com\/es\/tienda\/frutas-verduras\/fruta\/mandarina\/","title":{"rendered":"Mandarina Extra &#8211; 7-9 unidades a granel &#8211; 1 kg"},"content":{"rendered":"<p>La <strong>mandarina<\/strong> es el c\u00edtrico por excelencia para nuestra buena alimentaci\u00f3n. De destacada dulzura y acidez, concentra una elevada cantidad de Vitamina C, adem\u00e1s de mineral, potasio y fibras (y ser baja en az\u00facar).<\/p>\n","protected":false},"excerpt":{"rendered":"<p>Mandarinas frescas de Sanahuja, entre 7-9 unidades a granel, y aproximadamente 1\u202fkg en total.<\/p>\n","protected":false},"featured_media":54760,"comment_status":"open","ping_status":"closed","template":"","meta":{"_acf_changed":false},"product_brand":[],"product_cat":[9096,9930],"product_tag":[9240,9247,9248,9250,9251,9252,7495,9295,8120,8338],"class_list":{"0":"post-44255","1":"product","2":"type-product","3":"status-publish","4":"has-post-thumbnail","6":"product_cat-frutas-verduras","7":"product_cat-fruta","8":"product_tag-fruites-i-verdures-es","9":"product_tag-fruites","10":"product_tag-frutas-y-verduras","11":"product_tag-fresc","12":"product_tag-fruit","13":"product_tag-carniseria-escofet-oliver-es","14":"product_tag-escofet-oliver-es","15":"product_tag-mandarina","16":"product_tag-frutas-es","17":"product_tag-natural-es","18":"product_shipping_class-entrega-en-domicilio","19":"pa_preciokg-10846","21":"first","22":"instock","23":"taxable","24":"shipping-taxable","25":"purchasable","26":"product-type-simple"},"acf":[],"_links":{"self":[{"href":"https:\/\/escofetoliver.com\/es\/wp-json\/wp\/v2\/product\/44255","targetHints":{"allow":["GET"]}}],"collection":[{"href":"https:\/\/escofetoliver.com\/es\/wp-json\/wp\/v2\/product"}],"about":[{"href":"https:\/\/escofetoliver.com\/es\/wp-json\/wp\/v2\/types\/product"}],"replies":[{"embeddable":true,"href":"https:\/\/escofetoliver.com\/es\/wp-json\/wp\/v2\/comments?post=44255"}],"wp:featuredmedia":[{"embeddable":true,"href":"https:\/\/escofetoliver.com\/es\/wp-json\/wp\/v2\/media\/54760"}],"wp:attachment":[{"href":"https:\/\/escofetoliver.com\/es\/wp-json\/wp\/v2\/media?parent=44255"}],"wp:term":[{"taxonomy":"product_brand","embeddable":true,"href":"https:\/\/escofetoliver.com\/es\/wp-json\/wp\/v2\/product_brand?post=44255"},{"taxonomy":"product_cat","embeddable":true,"href":"https:\/\/escofetoliver.com\/es\/wp-json\/wp\/v2\/product_cat?post=44255"},{"taxonomy":"product_tag","embeddable":true,"href":"https:\/\/escofetoliver.com\/es\/wp-json\/wp\/v2\/product_tag?post=44255"}],"curies":[{"name":"wp","href":"https:\/\/api.w.org\/{rel}","templated":true}]}}