{"id":44243,"date":"2022-07-05T12:35:36","date_gmt":"2022-07-05T10:35:36","guid":{"rendered":"https:\/\/escofetoliver.com\/?post_type=product&#038;p=44243"},"modified":"2025-01-02T09:19:24","modified_gmt":"2025-01-02T08:19:24","slug":"manzana-pink-lady-4-unidades-1-kg","status":"publish","type":"product","link":"https:\/\/escofetoliver.com\/es\/tienda\/frutas-verduras\/fruta\/manzana-pink-lady-4-unidades-1-kg\/","title":{"rendered":"Manzana &#8216;Pink\u00a0Lady&#8217; &#8211; 4 unidades &#8211; 1 kg"},"content":{"rendered":"<p>Esta manzana es una variedad peque\u00f1a, a veces de tama\u00f1o mediano, que debe su nombre a su potente color rosa. Afrutada, con un alto contenido de az\u00facar y ligeras notas de acidez. Tiene una textura firme que la hace jugosa y sobre todo, refrescante.<\/p>\n","protected":false},"excerpt":{"rendered":"<p>Manzana &#8216;Pink Lady&#8217; de 1kg en total<\/p>\n","protected":false},"featured_media":44244,"comment_status":"open","ping_status":"closed","template":"","meta":{"_acf_changed":false},"product_brand":[],"product_cat":[9930,9096],"product_tag":[8251,9285,8338,9286,9240,9247,9248,9249,9250,9252,8120,9270],"class_list":{"0":"post-44243","1":"product","2":"type-product","3":"status-publish","4":"has-post-thumbnail","6":"product_cat-fruta","7":"product_cat-frutas-verduras","8":"product_tag-manzana-es","9":"product_tag-manzana-pink-lady","10":"product_tag-natural-es","11":"product_tag-pink-lady","12":"product_tag-fruites-i-verdures-es","13":"product_tag-fruites","14":"product_tag-frutas-y-verduras","15":"product_tag-fruites-i-verduresescofet-oliver","16":"product_tag-fresc","17":"product_tag-carniseria-escofet-oliver-es","18":"product_tag-frutas-es","19":"product_tag-fruites-macia","20":"product_shipping_class-entrega-en-domicilio","21":"pa_preciokg-525-2","23":"first","24":"instock","25":"taxable","26":"shipping-taxable","27":"purchasable","28":"product-type-simple"},"acf":[],"_links":{"self":[{"href":"https:\/\/escofetoliver.com\/es\/wp-json\/wp\/v2\/product\/44243","targetHints":{"allow":["GET"]}}],"collection":[{"href":"https:\/\/escofetoliver.com\/es\/wp-json\/wp\/v2\/product"}],"about":[{"href":"https:\/\/escofetoliver.com\/es\/wp-json\/wp\/v2\/types\/product"}],"replies":[{"embeddable":true,"href":"https:\/\/escofetoliver.com\/es\/wp-json\/wp\/v2\/comments?post=44243"}],"wp:featuredmedia":[{"embeddable":true,"href":"https:\/\/escofetoliver.com\/es\/wp-json\/wp\/v2\/media\/44244"}],"wp:attachment":[{"href":"https:\/\/escofetoliver.com\/es\/wp-json\/wp\/v2\/media?parent=44243"}],"wp:term":[{"taxonomy":"product_brand","embeddable":true,"href":"https:\/\/escofetoliver.com\/es\/wp-json\/wp\/v2\/product_brand?post=44243"},{"taxonomy":"product_cat","embeddable":true,"href":"https:\/\/escofetoliver.com\/es\/wp-json\/wp\/v2\/product_cat?post=44243"},{"taxonomy":"product_tag","embeddable":true,"href":"https:\/\/escofetoliver.com\/es\/wp-json\/wp\/v2\/product_tag?post=44243"}],"curies":[{"name":"wp","href":"https:\/\/api.w.org\/{rel}","templated":true}]}}