{"id":43648,"date":"2022-05-02T12:51:30","date_gmt":"2022-05-02T10:51:30","guid":{"rendered":"https:\/\/escofetoliver.com\/botiga\/sin%20categor\u00eda\/ensaladilla-rusa-de-verduras-250-g\/"},"modified":"2024-07-05T09:43:12","modified_gmt":"2024-07-05T07:43:12","slug":"ensaladilla-rusa","status":"publish","type":"product","link":"https:\/\/escofetoliver.com\/es\/tienda\/cocinados-legumbres\/cocinados\/ensaladilla-rusa\/","title":{"rendered":"Ensaladilla Rusa de verduras &#8211; Plato de  250 g"},"content":{"rendered":"<p><span>La ensalada rusa, un plato tradicional y muy veraniego que ha resistido la prueba del tiempo. Preparado de la misma forma que siempre, con una base s\u00f3lida de verduras frescas y nutritivas. Combina la tradici\u00f3n y la nutrici\u00f3n de una manera deliciosa.<\/span><\/p>\n<p><span>Nuestra ensalada rusa, la de\u00a0<\/span><span class=\"hiddenSpellError\" onkeypress=\"MORFOLOGIK_RULE_ES---#---undefined---#---Se ha encontrado un posible error ortogr\u00e1fico.---#---Escoc\u00e9s#Escoger#Escoge#Escopeta#Escogen#Esc\u00f3lex#Escoges#Escotes#Escob\u00e9n#Escolte#Escuecen#Escobeta#Escores#Escuece#Escopete#Escoced#Escocer#Escocete#Escoc\u00e9#Escode#Escoden#Escodes#Escod\u00e9#Escofieta#Escoged#Escogete#Escog\u00e9#Escog\u00e9s#Escoleta#Escore#Escoren#Escor\u00e9#Escote#Escoten#Escot\u00e9#Escueces#Esc\u00f3dete#Esc\u00f3gete#Esc\u00f3rete#Esc\u00f3tete#Estofe#Estofen#Estofes#Estof\u00e9#Est\u00f3fete---#---Escofet\">Escofet<\/span><span>\u00a0Oliver es una combinaci\u00f3n de sabores y texturas que se complementan entre s\u00ed. Tambi\u00e9n es saludable. Las patatas, las zanahorias y los guisantes son los ingredientes naturales que aportan lo mejor de las verduras, como la fibra, vitaminas y otros minerales\u00a0<\/span><span>esenciales<\/span><span>\u00a0para la salud. Todo esto con la cremosidad de la mayonesa y el toque artesano de su preparaci\u00f3n.<\/span><\/p>\n<p><span>Este plato es ideal para el buen tiempo. Es refrescante y ligero, perfecto para una comida de verano al aire libre, o un aperitivo. Se puede guardar a la nevera hasta el momento de servir, cosa que lo hace todav\u00eda m\u00e1s conveniente.<\/span><\/p>\n<p><span>Comb\u00ednala con unos picos camperos y s\u00edrvela acompa\u00f1ada de un buen vinito<\/span><span>. Seguro que la disfrutas todav\u00eda m\u00e1s.<\/span><\/p>\n<p>&nbsp;<\/p>\n","protected":false},"excerpt":{"rendered":"<p>Ensaladilla rusa de verdura natural, preparada por Escofet Oliver. Plato de 250 g.<\/p>\n","protected":false},"featured_media":51964,"comment_status":"open","ping_status":"closed","template":"","meta":{"_acf_changed":false},"product_brand":[],"product_cat":[5864,5874],"product_tag":[9017,9018,7496,9019,7619,8341,11205,8436,8573,9013,9014,9015],"class_list":{"0":"post-43648","1":"product","2":"type-product","3":"status-publish","4":"has-post-thumbnail","6":"product_cat-cocinados-legumbres","7":"product_cat-cocinados","8":"product_tag-ensaladilla-es","9":"product_tag-huerto-es","10":"product_tag-carns-escofet-oliver-es","11":"product_tag-platos-es","12":"product_tag-compra-carne-barbacoa-es","13":"product_tag-patata-es","14":"product_tag-comete-el-verano","15":"product_tag-verano-es","16":"product_tag-verduras","17":"product_tag-verdura-es-2","18":"product_tag-primavera-es","19":"product_tag-vegetal-es","20":"product_shipping_class-entrega-en-domicilio","21":"pa_preciokg-1525-es","23":"first","24":"instock","25":"taxable","26":"shipping-taxable","27":"purchasable","28":"product-type-simple"},"acf":[],"_links":{"self":[{"href":"https:\/\/escofetoliver.com\/es\/wp-json\/wp\/v2\/product\/43648","targetHints":{"allow":["GET"]}}],"collection":[{"href":"https:\/\/escofetoliver.com\/es\/wp-json\/wp\/v2\/product"}],"about":[{"href":"https:\/\/escofetoliver.com\/es\/wp-json\/wp\/v2\/types\/product"}],"replies":[{"embeddable":true,"href":"https:\/\/escofetoliver.com\/es\/wp-json\/wp\/v2\/comments?post=43648"}],"wp:featuredmedia":[{"embeddable":true,"href":"https:\/\/escofetoliver.com\/es\/wp-json\/wp\/v2\/media\/51964"}],"wp:attachment":[{"href":"https:\/\/escofetoliver.com\/es\/wp-json\/wp\/v2\/media?parent=43648"}],"wp:term":[{"taxonomy":"product_brand","embeddable":true,"href":"https:\/\/escofetoliver.com\/es\/wp-json\/wp\/v2\/product_brand?post=43648"},{"taxonomy":"product_cat","embeddable":true,"href":"https:\/\/escofetoliver.com\/es\/wp-json\/wp\/v2\/product_cat?post=43648"},{"taxonomy":"product_tag","embeddable":true,"href":"https:\/\/escofetoliver.com\/es\/wp-json\/wp\/v2\/product_tag?post=43648"}],"curies":[{"name":"wp","href":"https:\/\/api.w.org\/{rel}","templated":true}]}}