{"id":43645,"date":"2022-05-02T12:45:29","date_gmt":"2022-05-02T10:45:29","guid":{"rendered":"https:\/\/escofetoliver.com\/botiga\/sin%20categor\u00eda\/patatas-torres-vegetales-1-unidad-90-g\/"},"modified":"2023-05-23T10:17:35","modified_gmt":"2023-05-23T08:17:35","slug":"patatas-torres-vegetales","status":"publish","type":"product","link":"https:\/\/escofetoliver.com\/es\/tienda\/despensa\/vegetales\/patatas-torres-vegetales\/","title":{"rendered":"Patatas Torres Vegetales &#8211; 1 unidad &#8211; 90 g"},"content":{"rendered":"<p>Las <strong>patatas de Torres<\/strong>, ahora tambi\u00e9n con ingredientes 100% vegetales que le dan un toque gustoso y agradable. Una experiencia ya de por s\u00ed saludable, ahora todav\u00eda m\u00e1s y sin perder esos sabores que la hacen interesante.<\/p>\n<p><strong>Sin al\u00e9rgenos<\/strong>.<\/p>\n<p><strong>Ingredientes<\/strong>: Hortalizas en proporci\u00f3n variables (64%) (remolacha, chirivia y moniato), aceite de girasol y sal.<\/p>\n<p><strong>Caducidad<\/strong>: Viene en el envase.<\/p>\n<p>&nbsp;<\/p>\n<p>&nbsp;<\/p>\n","protected":false},"excerpt":{"rendered":"<p>Bolsa con 90 g de patatas fritas.<\/p>\n","protected":false},"featured_media":48239,"comment_status":"open","ping_status":"closed","template":"","meta":{"_acf_changed":false},"product_brand":[],"product_cat":[8659],"product_tag":[9025,8102,8267,8339,8514,8573,9013,9023,9024],"class_list":{"0":"post-43645","1":"product","2":"type-product","3":"status-publish","4":"has-post-thumbnail","6":"product_cat-vegetales","7":"product_tag-vegetals-es","8":"product_tag-sano-es","9":"product_tag-sabor-es","10":"product_tag-patates-es","11":"product_tag-patatas-es","12":"product_tag-verduras","13":"product_tag-verdura-es-2","14":"product_tag-salut-es","15":"product_tag-vegetaria-es","16":"product_shipping_class-entrega-en-domicilio","18":"first","19":"instock","20":"taxable","21":"shipping-taxable","22":"purchasable","23":"product-type-simple"},"acf":[],"_links":{"self":[{"href":"https:\/\/escofetoliver.com\/es\/wp-json\/wp\/v2\/product\/43645","targetHints":{"allow":["GET"]}}],"collection":[{"href":"https:\/\/escofetoliver.com\/es\/wp-json\/wp\/v2\/product"}],"about":[{"href":"https:\/\/escofetoliver.com\/es\/wp-json\/wp\/v2\/types\/product"}],"replies":[{"embeddable":true,"href":"https:\/\/escofetoliver.com\/es\/wp-json\/wp\/v2\/comments?post=43645"}],"wp:featuredmedia":[{"embeddable":true,"href":"https:\/\/escofetoliver.com\/es\/wp-json\/wp\/v2\/media\/48239"}],"wp:attachment":[{"href":"https:\/\/escofetoliver.com\/es\/wp-json\/wp\/v2\/media?parent=43645"}],"wp:term":[{"taxonomy":"product_brand","embeddable":true,"href":"https:\/\/escofetoliver.com\/es\/wp-json\/wp\/v2\/product_brand?post=43645"},{"taxonomy":"product_cat","embeddable":true,"href":"https:\/\/escofetoliver.com\/es\/wp-json\/wp\/v2\/product_cat?post=43645"},{"taxonomy":"product_tag","embeddable":true,"href":"https:\/\/escofetoliver.com\/es\/wp-json\/wp\/v2\/product_tag?post=43645"}],"curies":[{"name":"wp","href":"https:\/\/api.w.org\/{rel}","templated":true}]}}