{"id":43489,"date":"2022-04-19T11:55:06","date_gmt":"2022-04-19T09:55:06","guid":{"rendered":"https:\/\/escofetoliver.com\/botiga\/sin%20categor\u00eda\/fanta-limon\/"},"modified":"2025-06-30T09:43:46","modified_gmt":"2025-06-30T07:43:46","slug":"fanta-limon","status":"publish","type":"product","link":"https:\/\/escofetoliver.com\/es\/tienda\/despensa\/fanta-limon\/","title":{"rendered":"Fanta Lim\u00f3n &#8211; Lata &#8211; 33 CL"},"content":{"rendered":"<p>Fanta Lim\u00f3n en formato de lata cl\u00e1sica.<\/p>\n<p><strong>Ingredientes:<\/strong><\/p>\n<p>Agua carbonatada, 6% zumo de lim\u00f3n a partir de concentrado**, az\u00facar, acidulantes: \u00e1cido m\u00e1lico y \u00e1cido c\u00edtrico, edulcorantes: acesulfamo K, aspartamo y neohesperidina DC, antioxidante: \u00e1cido asc\u00f3rbico, corrector de la acidez: citrato s\u00f3dico, conservador: sorbato pot\u00e1sico, estabilizantes: goma ar\u00e1biga y \u00e9steres glic\u00e9ridos de colofonia de madera, aromas naturales de lim\u00f3n y otros aromas naturales y colorante: betacaroteno.<\/p>\n<p><b>Al\u00e9rgenos: <\/b>Contiene una fuente de fenilalanina.<\/p>\n<p>&nbsp;<\/p>\n","protected":false},"excerpt":{"rendered":"<p>1 lata de refresco carbonatado de 33 cl.<\/p>\n","protected":false},"featured_media":45445,"comment_status":"open","ping_status":"closed","template":"","meta":{"_acf_changed":false},"product_brand":[],"product_cat":[11021,5866],"product_tag":[7495,8937,8938,8940,8941],"class_list":{"0":"post-43489","1":"product","2":"type-product","3":"status-publish","4":"has-post-thumbnail","6":"product_cat-bebidas-es","7":"product_cat-despensa","8":"product_tag-escofet-oliver-es","9":"product_tag-refresco-es","10":"product_tag-refresco-es-2","11":"product_tag-lata","12":"product_tag-fanta-es","13":"pa_presentacio-lata","15":"first","16":"instock","17":"taxable","18":"shipping-taxable","19":"purchasable","20":"product-type-simple"},"acf":[],"_links":{"self":[{"href":"https:\/\/escofetoliver.com\/es\/wp-json\/wp\/v2\/product\/43489","targetHints":{"allow":["GET"]}}],"collection":[{"href":"https:\/\/escofetoliver.com\/es\/wp-json\/wp\/v2\/product"}],"about":[{"href":"https:\/\/escofetoliver.com\/es\/wp-json\/wp\/v2\/types\/product"}],"replies":[{"embeddable":true,"href":"https:\/\/escofetoliver.com\/es\/wp-json\/wp\/v2\/comments?post=43489"}],"wp:featuredmedia":[{"embeddable":true,"href":"https:\/\/escofetoliver.com\/es\/wp-json\/wp\/v2\/media\/45445"}],"wp:attachment":[{"href":"https:\/\/escofetoliver.com\/es\/wp-json\/wp\/v2\/media?parent=43489"}],"wp:term":[{"taxonomy":"product_brand","embeddable":true,"href":"https:\/\/escofetoliver.com\/es\/wp-json\/wp\/v2\/product_brand?post=43489"},{"taxonomy":"product_cat","embeddable":true,"href":"https:\/\/escofetoliver.com\/es\/wp-json\/wp\/v2\/product_cat?post=43489"},{"taxonomy":"product_tag","embeddable":true,"href":"https:\/\/escofetoliver.com\/es\/wp-json\/wp\/v2\/product_tag?post=43489"}],"curies":[{"name":"wp","href":"https:\/\/api.w.org\/{rel}","templated":true}]}}