{"id":43488,"date":"2022-04-19T11:52:48","date_gmt":"2022-04-19T09:52:48","guid":{"rendered":"https:\/\/escofetoliver.com\/botiga\/sin%20categor\u00eda\/fanta-naranja\/"},"modified":"2023-05-23T10:17:31","modified_gmt":"2023-05-23T08:17:31","slug":"fanta-naranja","status":"publish","type":"product","link":"https:\/\/escofetoliver.com\/es\/tienda\/despensa\/fanta-naranja\/","title":{"rendered":"Fanta Naranja &#8211; Lata &#8211; 33 CL"},"content":{"rendered":"<p>Fanta Naranja en formato de lata cl\u00e1sica.<\/p>\n<p><strong>Ingredientes<\/strong>:<\/p>\n<p>Agua carbonatada, 8% zumo de naranja a partir de concentrado**, az\u00facar, acidulantes: \u00e1cido c\u00edtrico y \u00e1cido m\u00e1lico, estabilizantes: E-414, E-444 y E-445, edulcorantes:<\/p>\n<p>E-950, aspartamo y E-959, conservador: E-202, corrector de acidez: citrato de sodio, aromas naturales de naranja y otros aromas naturales, antioxidante: \u00e1cido asc\u00f3rbico y colorante: E-160a.<\/p>\n<p><b>Al\u00e9rgenos: <\/b>Contiene una fuente de fenilalanina.<\/p>\n<p><strong>Caducidad:<\/strong> Viene en la lata.<\/p>\n<p>&nbsp;<\/p>\n","protected":false},"excerpt":{"rendered":"<p>1 lata de refresco carbonatado de 33 cl.<\/p>\n","protected":false},"featured_media":45434,"comment_status":"open","ping_status":"closed","template":"","meta":{"_acf_changed":false},"product_brand":[],"product_cat":[5866,11021],"product_tag":[8941,7495,8937,8938,8940],"class_list":{"0":"post-43488","1":"product","2":"type-product","3":"status-publish","4":"has-post-thumbnail","6":"product_cat-despensa","7":"product_cat-bebidas-es","8":"product_tag-fanta-es","9":"product_tag-escofet-oliver-es","10":"product_tag-refresco-es","11":"product_tag-refresco-es-2","12":"product_tag-lata","13":"pa_presentacio-lata","15":"first","16":"instock","17":"taxable","18":"shipping-taxable","19":"purchasable","20":"product-type-simple"},"acf":[],"_links":{"self":[{"href":"https:\/\/escofetoliver.com\/es\/wp-json\/wp\/v2\/product\/43488","targetHints":{"allow":["GET"]}}],"collection":[{"href":"https:\/\/escofetoliver.com\/es\/wp-json\/wp\/v2\/product"}],"about":[{"href":"https:\/\/escofetoliver.com\/es\/wp-json\/wp\/v2\/types\/product"}],"replies":[{"embeddable":true,"href":"https:\/\/escofetoliver.com\/es\/wp-json\/wp\/v2\/comments?post=43488"}],"wp:featuredmedia":[{"embeddable":true,"href":"https:\/\/escofetoliver.com\/es\/wp-json\/wp\/v2\/media\/45434"}],"wp:attachment":[{"href":"https:\/\/escofetoliver.com\/es\/wp-json\/wp\/v2\/media?parent=43488"}],"wp:term":[{"taxonomy":"product_brand","embeddable":true,"href":"https:\/\/escofetoliver.com\/es\/wp-json\/wp\/v2\/product_brand?post=43488"},{"taxonomy":"product_cat","embeddable":true,"href":"https:\/\/escofetoliver.com\/es\/wp-json\/wp\/v2\/product_cat?post=43488"},{"taxonomy":"product_tag","embeddable":true,"href":"https:\/\/escofetoliver.com\/es\/wp-json\/wp\/v2\/product_tag?post=43488"}],"curies":[{"name":"wp","href":"https:\/\/api.w.org\/{rel}","templated":true}]}}