{"id":43487,"date":"2022-04-19T11:48:47","date_gmt":"2022-04-19T09:48:47","guid":{"rendered":"https:\/\/escofetoliver.com\/botiga\/sin%20categor\u00eda\/coca-cola-es\/"},"modified":"2023-05-23T10:17:31","modified_gmt":"2023-05-23T08:17:31","slug":"coca-cola-es","status":"publish","type":"product","link":"https:\/\/escofetoliver.com\/es\/tienda\/despensa\/coca-cola-es\/","title":{"rendered":"Coca-Cola &#8211; Lata &#8211; 33 CL"},"content":{"rendered":"<p>Lata cl\u00e1sica de Coca-Cola de 33 CL.<\/p>\n<p><strong>Ingredientes<\/strong>: Agua carbonatada, az\u00facar, colorante E\u2010150d, acidulante \u00e1cido fosf\u00f3rico, aromas naturales y aroma cafe\u00edna.<\/p>\n<p><strong>Caducidad<\/strong>: Mirar en la lata.<\/p>\n","protected":false},"excerpt":{"rendered":"<p>1 lata de refresco carbonatado de 33 cl.<\/p>\n","protected":false},"featured_media":45430,"comment_status":"open","ping_status":"closed","template":"","meta":{"_acf_changed":false},"product_brand":[],"product_cat":[5866,11021],"product_tag":[7495,8937,8938,8940],"class_list":{"0":"post-43487","1":"product","2":"type-product","3":"status-publish","4":"has-post-thumbnail","6":"product_cat-despensa","7":"product_cat-bebidas-es","8":"product_tag-escofet-oliver-es","9":"product_tag-refresco-es","10":"product_tag-refresco-es-2","11":"product_tag-lata","12":"pa_presentacio-lata","14":"first","15":"instock","16":"taxable","17":"shipping-taxable","18":"purchasable","19":"product-type-simple"},"acf":[],"_links":{"self":[{"href":"https:\/\/escofetoliver.com\/es\/wp-json\/wp\/v2\/product\/43487","targetHints":{"allow":["GET"]}}],"collection":[{"href":"https:\/\/escofetoliver.com\/es\/wp-json\/wp\/v2\/product"}],"about":[{"href":"https:\/\/escofetoliver.com\/es\/wp-json\/wp\/v2\/types\/product"}],"replies":[{"embeddable":true,"href":"https:\/\/escofetoliver.com\/es\/wp-json\/wp\/v2\/comments?post=43487"}],"wp:featuredmedia":[{"embeddable":true,"href":"https:\/\/escofetoliver.com\/es\/wp-json\/wp\/v2\/media\/45430"}],"wp:attachment":[{"href":"https:\/\/escofetoliver.com\/es\/wp-json\/wp\/v2\/media?parent=43487"}],"wp:term":[{"taxonomy":"product_brand","embeddable":true,"href":"https:\/\/escofetoliver.com\/es\/wp-json\/wp\/v2\/product_brand?post=43487"},{"taxonomy":"product_cat","embeddable":true,"href":"https:\/\/escofetoliver.com\/es\/wp-json\/wp\/v2\/product_cat?post=43487"},{"taxonomy":"product_tag","embeddable":true,"href":"https:\/\/escofetoliver.com\/es\/wp-json\/wp\/v2\/product_tag?post=43487"}],"curies":[{"name":"wp","href":"https:\/\/api.w.org\/{rel}","templated":true}]}}