{"id":43486,"date":"2022-04-19T11:46:23","date_gmt":"2022-04-19T09:46:23","guid":{"rendered":"https:\/\/escofetoliver.com\/botiga\/sin%20categor\u00eda\/coca-cola-zero-es\/"},"modified":"2023-05-23T10:17:30","modified_gmt":"2023-05-23T08:17:30","slug":"coca-cola-zero-es","status":"publish","type":"product","link":"https:\/\/escofetoliver.com\/es\/tienda\/despensa\/coca-cola-zero-es\/","title":{"rendered":"Coca-Cola Zero &#8211; Lata &#8211; 33 CL"},"content":{"rendered":"<p>Coca-Cola Zero en formato cl\u00e1sico de lata.<\/p>\n<p><strong>Ingredientes<\/strong>: <span>Agua carbonatada, colorante E\u2010150d, edulcorantes: ciclamato s\u00f3dico, acesulfamo K y aspartamo, acidulante \u00e1cido fosf\u00f3rico, aromas naturales, aroma cafe\u00edna y corrector de acidez: citratos de sodio. Contiene una fuente de fenilalanina.<\/span><\/p>\n<p><strong>Caducidad<\/strong>: Viene en la lata.<\/p>\n","protected":false},"excerpt":{"rendered":"<p>1 lata de refresco carbonatado de 33 cl.<\/p>\n","protected":false},"featured_media":45432,"comment_status":"open","ping_status":"closed","template":"","meta":{"_acf_changed":false},"product_brand":[],"product_cat":[11021,5866],"product_tag":[8940,7495,8937,8938],"class_list":{"0":"post-43486","1":"product","2":"type-product","3":"status-publish","4":"has-post-thumbnail","6":"product_cat-bebidas-es","7":"product_cat-despensa","8":"product_tag-lata","9":"product_tag-escofet-oliver-es","10":"product_tag-refresco-es","11":"product_tag-refresco-es-2","12":"pa_presentacio-lata","14":"first","15":"instock","16":"taxable","17":"shipping-taxable","18":"purchasable","19":"product-type-simple"},"acf":[],"_links":{"self":[{"href":"https:\/\/escofetoliver.com\/es\/wp-json\/wp\/v2\/product\/43486","targetHints":{"allow":["GET"]}}],"collection":[{"href":"https:\/\/escofetoliver.com\/es\/wp-json\/wp\/v2\/product"}],"about":[{"href":"https:\/\/escofetoliver.com\/es\/wp-json\/wp\/v2\/types\/product"}],"replies":[{"embeddable":true,"href":"https:\/\/escofetoliver.com\/es\/wp-json\/wp\/v2\/comments?post=43486"}],"wp:featuredmedia":[{"embeddable":true,"href":"https:\/\/escofetoliver.com\/es\/wp-json\/wp\/v2\/media\/45432"}],"wp:attachment":[{"href":"https:\/\/escofetoliver.com\/es\/wp-json\/wp\/v2\/media?parent=43486"}],"wp:term":[{"taxonomy":"product_brand","embeddable":true,"href":"https:\/\/escofetoliver.com\/es\/wp-json\/wp\/v2\/product_brand?post=43486"},{"taxonomy":"product_cat","embeddable":true,"href":"https:\/\/escofetoliver.com\/es\/wp-json\/wp\/v2\/product_cat?post=43486"},{"taxonomy":"product_tag","embeddable":true,"href":"https:\/\/escofetoliver.com\/es\/wp-json\/wp\/v2\/product_tag?post=43486"}],"curies":[{"name":"wp","href":"https:\/\/api.w.org\/{rel}","templated":true}]}}