{"id":43458,"date":"2022-04-20T16:03:33","date_gmt":"2022-04-20T14:03:34","guid":{"rendered":"https:\/\/escofetoliver.com\/?post_type=product&#038;p=43458"},"modified":"2023-05-23T10:17:30","modified_gmt":"2023-05-23T08:17:30","slug":"mermelada-melocoton-285","status":"publish","type":"product","link":"https:\/\/escofetoliver.com\/es\/tienda\/despensa\/mermelada-miel\/mermelada-melocoton-285\/","title":{"rendered":"Mermelada de Melocot\u00f3n Can Bech &#8211; 285 g"},"content":{"rendered":"<p>Con el mejor melocot\u00f3n fresco y maduro de vi\u00f1a, un fruto propio de la \u00e9poca estival, se elabora artesanalmente est\u00e1 mermelada natural. Un producto con un delicioso aroma que, adem\u00e1s combina bien con quesos de pasta blanda.<\/p>\n<p><strong>Al\u00e9rgenos: <\/strong><span>Producto vegano. Sin gluten ni lactosa y sin colorantes ni conservantes.\u00a0<\/span><\/p>\n<p><strong>Ingredientes<\/strong><\/p>\n<p><span>Melocot\u00f3n 55%, az\u00facar, zumo de lim\u00f3n y gelificante: pectinas.<\/span><\/p>\n<p><strong>Caducidad:<\/strong> Viene en el envase.<\/p>\n<p>&nbsp;<\/p>\n<p>&nbsp;<\/p>\n<p>&nbsp;<\/p>\n","protected":false},"excerpt":{"rendered":"<p>Tarro de mermelada de 285 g<\/p>\n","protected":false},"featured_media":52054,"comment_status":"open","ping_status":"closed","template":"","meta":{"_acf_changed":false},"product_brand":[],"product_cat":[5918,5866],"product_tag":[8260,8261,7495,7496,8107,8245,8247,8249,8259],"class_list":{"0":"post-43458","1":"product","2":"type-product","3":"status-publish","4":"has-post-thumbnail","6":"product_cat-mermelada-miel","7":"product_cat-despensa","8":"product_tag-naranja-amarga-es","9":"product_tag-taronja-amarga-es","10":"product_tag-escofet-oliver-es","11":"product_tag-carns-escofet-oliver-es","12":"product_tag-quesos-es","13":"product_tag-mermeladas","14":"product_tag-producto-artesanal-es","15":"product_tag-producto-natural-es","16":"product_tag-figues-es","17":"pa_promotional-no-es-2","19":"first","20":"instock","21":"taxable","22":"shipping-taxable","23":"purchasable","24":"product-type-simple"},"acf":[],"_links":{"self":[{"href":"https:\/\/escofetoliver.com\/es\/wp-json\/wp\/v2\/product\/43458","targetHints":{"allow":["GET"]}}],"collection":[{"href":"https:\/\/escofetoliver.com\/es\/wp-json\/wp\/v2\/product"}],"about":[{"href":"https:\/\/escofetoliver.com\/es\/wp-json\/wp\/v2\/types\/product"}],"replies":[{"embeddable":true,"href":"https:\/\/escofetoliver.com\/es\/wp-json\/wp\/v2\/comments?post=43458"}],"wp:featuredmedia":[{"embeddable":true,"href":"https:\/\/escofetoliver.com\/es\/wp-json\/wp\/v2\/media\/52054"}],"wp:attachment":[{"href":"https:\/\/escofetoliver.com\/es\/wp-json\/wp\/v2\/media?parent=43458"}],"wp:term":[{"taxonomy":"product_brand","embeddable":true,"href":"https:\/\/escofetoliver.com\/es\/wp-json\/wp\/v2\/product_brand?post=43458"},{"taxonomy":"product_cat","embeddable":true,"href":"https:\/\/escofetoliver.com\/es\/wp-json\/wp\/v2\/product_cat?post=43458"},{"taxonomy":"product_tag","embeddable":true,"href":"https:\/\/escofetoliver.com\/es\/wp-json\/wp\/v2\/product_tag?post=43458"}],"curies":[{"name":"wp","href":"https:\/\/api.w.org\/{rel}","templated":true}]}}