{"id":43409,"date":"2022-04-12T12:44:25","date_gmt":"2022-04-12T10:44:25","guid":{"rendered":"https:\/\/escofetoliver.com\/botiga\/sin%20categor\u00eda\/edam-de-bola\/"},"modified":"2024-10-03T09:35:48","modified_gmt":"2024-10-03T07:35:48","slug":"edam-de-bola","status":"publish","type":"product","link":"https:\/\/escofetoliver.com\/es\/tienda\/quesos-yogures\/queso-pieza\/edam-de-bola\/","title":{"rendered":"Edam de bola tierno \u00abSombrero de copa\u00bb AOP &#8211; Cu\u00f1a &#8211; 250 g"},"content":{"rendered":"<p>El <strong>Edam<\/strong> es un queso de bola t\u00edpico de los Pa\u00edses Bajos, reconocido por su corteza de color rojo carmes\u00ed. Un queso tierno con un interesante aroma a mantequilla y nuez, el cual deja un regusto suave y ligeramente salado en el paladar.<\/p>\n<p>De leche de vaca semidesnatada y con pocas grasas. Es ideal para una alimentaci\u00f3n sana.<\/p>\n<p><strong>Maduraci\u00f3n<\/strong>: M\u00ednimo ocho meses.<\/p>\n<p><strong>Al\u00e9rgenos<\/strong>: Derivados de la LECHE de vaca. SIN GLUTEN.<\/p>\n<p><strong>Ingredientes: <\/strong><\/p>\n<p><span>Leche de vaca pasteurizada, sal,\u00a0<\/span><span>fermentos<\/span><span>\u00a0l\u00e1cticos, cuajo vegetal, colorante\u00a0<\/span><span>E160a<\/span><span>.<\/span><\/p>\n","protected":false},"excerpt":{"rendered":"<p>Cu\u00f1a de queso de 250 g<\/p>\n","protected":false},"featured_media":43408,"comment_status":"open","ping_status":"closed","template":"","meta":{"_acf_changed":false},"product_brand":[],"product_cat":[5862,5890],"product_tag":[8097,8098,8107,8189,7495],"class_list":{"0":"post-43409","1":"product","2":"type-product","3":"status-publish","4":"has-post-thumbnail","6":"product_cat-quesos-yogures","7":"product_cat-queso-pieza","8":"product_tag-leche-es","9":"product_tag-vaca-es","10":"product_tag-quesos-es","11":"product_tag-formatge-es","12":"product_tag-escofet-oliver-es","13":"product_shipping_class-entrega-en-domicilio","14":"pa_preciokg-8631","16":"first","17":"instock","18":"taxable","19":"shipping-taxable","20":"purchasable","21":"product-type-simple"},"acf":[],"_links":{"self":[{"href":"https:\/\/escofetoliver.com\/es\/wp-json\/wp\/v2\/product\/43409","targetHints":{"allow":["GET"]}}],"collection":[{"href":"https:\/\/escofetoliver.com\/es\/wp-json\/wp\/v2\/product"}],"about":[{"href":"https:\/\/escofetoliver.com\/es\/wp-json\/wp\/v2\/types\/product"}],"replies":[{"embeddable":true,"href":"https:\/\/escofetoliver.com\/es\/wp-json\/wp\/v2\/comments?post=43409"}],"wp:featuredmedia":[{"embeddable":true,"href":"https:\/\/escofetoliver.com\/es\/wp-json\/wp\/v2\/media\/43408"}],"wp:attachment":[{"href":"https:\/\/escofetoliver.com\/es\/wp-json\/wp\/v2\/media?parent=43409"}],"wp:term":[{"taxonomy":"product_brand","embeddable":true,"href":"https:\/\/escofetoliver.com\/es\/wp-json\/wp\/v2\/product_brand?post=43409"},{"taxonomy":"product_cat","embeddable":true,"href":"https:\/\/escofetoliver.com\/es\/wp-json\/wp\/v2\/product_cat?post=43409"},{"taxonomy":"product_tag","embeddable":true,"href":"https:\/\/escofetoliver.com\/es\/wp-json\/wp\/v2\/product_tag?post=43409"}],"curies":[{"name":"wp","href":"https:\/\/api.w.org\/{rel}","templated":true}]}}