{"id":43297,"date":"2022-03-31T09:27:12","date_gmt":"2022-03-31T07:27:12","guid":{"rendered":"https:\/\/escofetoliver.com\/botiga\/sin%20categor\u00eda\/gorgonzola-mascarpone-es\/"},"modified":"2025-04-14T09:23:21","modified_gmt":"2025-04-14T07:23:21","slug":"gorgonzola-mascarpone-es","status":"publish","type":"product","link":"https:\/\/escofetoliver.com\/es\/tienda\/quesos-yogures\/queso-pieza\/gorgonzola-mascarpone-es\/","title":{"rendered":"Gorgonzola Mascarpone &#8211; 200 G"},"content":{"rendered":"<p><span>Este queso esta elaborado de manera artesanal a partir de leche de vaca pasteurizada. Una fusi\u00f3n de dos quesos con personalidad, la cual da como resultado un queso intenso y cremoso a la vez. Marida muy bien con postres y es un buen ingrediente para salsas y rellenos.<\/span><\/p>\n<p><strong>Al\u00e9rgenos<\/strong>: Derivados de la LECHE.<\/p>\n<p><strong>Ingredientes:\u00a0<\/strong><\/p>\n<p><span>Gorgonzola (40%): leche, fermento<\/span><span>s\u00a0<\/span><span class=\"hiddenSpellError\" onkeypress=\"MORFOLOGIK_RULE_ES---#---undefined---#---Se ha encontrado un posible error ortogr\u00e1fico.---#---lat\u00edas#lat\u00edos#lat\u00eds---#---l\u00e0tics\">l\u00e0tics<\/span><span>, cuajo, sal,\u00a0<\/span><span class=\"hiddenSpellError\" onkeypress=\"MORFOLOGIK_RULE_ES---#---undefined---#---Se ha encontrado un posible error ortogr\u00e1fico.---#---penicilina#peniciloica#peniciloico---#---penicillium\">penicillium<\/span><span>,\u00a0<\/span><span class=\"hiddenSpellError\" onkeypress=\"MORFOLOGIK_RULE_ES---#---undefined---#---Se ha encontrado un posible error ortogr\u00e1fico.---#---mascar pone---#---mascarpone\">mascarpone<\/span><span>\u00a0(60%): nata, corrector de acidez: \u00e1cido c\u00edtrico.<\/span><\/p>\n","protected":false},"excerpt":{"rendered":"<p>Cu\u00f1a de 200 g de queso.<\/p>\n","protected":false},"featured_media":38611,"comment_status":"open","ping_status":"closed","template":"","meta":{"_acf_changed":false},"product_brand":[],"product_cat":[5862,5890],"product_tag":[8096,8097,8865,8106,8107,8189,8196,8333,8369,8455,7495],"class_list":{"0":"post-43297","1":"product","2":"type-product","3":"status-publish","4":"has-post-thumbnail","6":"product_cat-quesos-yogures","7":"product_cat-queso-pieza","8":"product_tag-llet-es","9":"product_tag-leche-es","10":"product_tag-mascarpone-es","11":"product_tag-formatges-es","12":"product_tag-quesos-es","13":"product_tag-formatge-es","14":"product_tag-queso-es","15":"product_tag-italia-es","16":"product_tag-gorgonzola-es","17":"product_tag-franca-es","18":"product_tag-escofet-oliver-es","19":"product_shipping_class-entrega-en-domicilio","20":"pa_country_of_manufacture-it-es","21":"pa_preciokg-2150-es","22":"pa_presentacio-1bolsaalvacio-es","24":"first","25":"instock","26":"taxable","27":"shipping-taxable","28":"purchasable","29":"product-type-simple"},"acf":[],"_links":{"self":[{"href":"https:\/\/escofetoliver.com\/es\/wp-json\/wp\/v2\/product\/43297","targetHints":{"allow":["GET"]}}],"collection":[{"href":"https:\/\/escofetoliver.com\/es\/wp-json\/wp\/v2\/product"}],"about":[{"href":"https:\/\/escofetoliver.com\/es\/wp-json\/wp\/v2\/types\/product"}],"replies":[{"embeddable":true,"href":"https:\/\/escofetoliver.com\/es\/wp-json\/wp\/v2\/comments?post=43297"}],"wp:featuredmedia":[{"embeddable":true,"href":"https:\/\/escofetoliver.com\/es\/wp-json\/wp\/v2\/media\/38611"}],"wp:attachment":[{"href":"https:\/\/escofetoliver.com\/es\/wp-json\/wp\/v2\/media?parent=43297"}],"wp:term":[{"taxonomy":"product_brand","embeddable":true,"href":"https:\/\/escofetoliver.com\/es\/wp-json\/wp\/v2\/product_brand?post=43297"},{"taxonomy":"product_cat","embeddable":true,"href":"https:\/\/escofetoliver.com\/es\/wp-json\/wp\/v2\/product_cat?post=43297"},{"taxonomy":"product_tag","embeddable":true,"href":"https:\/\/escofetoliver.com\/es\/wp-json\/wp\/v2\/product_tag?post=43297"}],"curies":[{"name":"wp","href":"https:\/\/api.w.org\/{rel}","templated":true}]}}