{"id":43033,"date":"2022-03-04T09:30:09","date_gmt":"2022-03-04T08:30:09","guid":{"rendered":"https:\/\/escofetoliver.com\/?post_type=product&#038;p=43033"},"modified":"2023-05-23T10:17:27","modified_gmt":"2023-05-23T08:17:27","slug":"luis-canas-crianza-2018-75-cl","status":"publish","type":"product","link":"https:\/\/escofetoliver.com\/es\/tienda\/despensa\/vinos-cavas\/luis-canas-crianza-2018-75-cl\/","title":{"rendered":"Luis Ca\u00f1as Crianza 2018 &#8211; 75 CL"},"content":{"rendered":"<p>El\u00a0<strong>Luis Ca\u00f1as\u00a0<\/strong>es un vino elaborado con todo el esmero para realzar la esencia de &#8216;un Rioja&#8217;. La uva, siempre es madura, de vi\u00f1as de 30 a\u00f1os; y la barrica, de las mejores maderas francesas y americanas, para un buen envejecimiento (que dura todo un a\u00f1o).<\/p>\n<p>Como resultado este vino es una delicia llena en su aroma del recuerdo de sus maderas y un esp\u00edritu bals\u00e1mico, y en su sabor de suavidad, frescura y una bellas notas de fruto rojo que llenan nuestro paladar sin olvidar en su final ese toque bals\u00e1mico. La pasta, el arroz y la carne roja agradecen la compa\u00f1\u00eda de este vino a la hora de degustar.<\/p>\n<p>Un vino que destaca por su excepcional relaci\u00f3n entre calidad y precio.<\/p>\n<p>Vino negro con <strong>Denominaci\u00f3n de origen La Rioja<\/strong>.<\/p>\n<p><strong>Variedad<\/strong>:95% tempranillo y 5% garnacha.<\/p>\n<p><strong>Alcohol<\/strong>: 14% vol. <strong>Al\u00e9rgenos<\/strong>: SULFITOS<\/p>\n","protected":false},"excerpt":{"rendered":"<p>Un vino que destaca por su excepcional relaci\u00f3n entre calidad y precio. Marida muy bien con las pastas, los arroces y las carnes rojas.<\/p>\n<p><span style=\"font-size: 8pt;\"><strong>*Prohibida la venta de productos alcoh\u00f3licos para menores de 18 a\u00f1os.<\/strong><\/span><\/p>\n","protected":false},"featured_media":45724,"comment_status":"open","ping_status":"closed","template":"","meta":{"_acf_changed":false},"product_brand":[],"product_cat":[5934,5866],"product_tag":[8031,8033],"class_list":{"0":"post-43033","1":"product","2":"type-product","3":"status-publish","4":"has-post-thumbnail","6":"product_cat-vinos-cavas","7":"product_cat-despensa","8":"product_tag-luis-canas-es","9":"product_tag-venta-online-carne-es","10":"pa_promotional-no-es-2","12":"first","13":"instock","14":"taxable","15":"shipping-taxable","16":"purchasable","17":"product-type-simple"},"acf":[],"_links":{"self":[{"href":"https:\/\/escofetoliver.com\/es\/wp-json\/wp\/v2\/product\/43033","targetHints":{"allow":["GET"]}}],"collection":[{"href":"https:\/\/escofetoliver.com\/es\/wp-json\/wp\/v2\/product"}],"about":[{"href":"https:\/\/escofetoliver.com\/es\/wp-json\/wp\/v2\/types\/product"}],"replies":[{"embeddable":true,"href":"https:\/\/escofetoliver.com\/es\/wp-json\/wp\/v2\/comments?post=43033"}],"wp:featuredmedia":[{"embeddable":true,"href":"https:\/\/escofetoliver.com\/es\/wp-json\/wp\/v2\/media\/45724"}],"wp:attachment":[{"href":"https:\/\/escofetoliver.com\/es\/wp-json\/wp\/v2\/media?parent=43033"}],"wp:term":[{"taxonomy":"product_brand","embeddable":true,"href":"https:\/\/escofetoliver.com\/es\/wp-json\/wp\/v2\/product_brand?post=43033"},{"taxonomy":"product_cat","embeddable":true,"href":"https:\/\/escofetoliver.com\/es\/wp-json\/wp\/v2\/product_cat?post=43033"},{"taxonomy":"product_tag","embeddable":true,"href":"https:\/\/escofetoliver.com\/es\/wp-json\/wp\/v2\/product_tag?post=43033"}],"curies":[{"name":"wp","href":"https:\/\/api.w.org\/{rel}","templated":true}]}}