{"id":42799,"date":"2022-02-09T16:56:56","date_gmt":"2022-02-09T15:56:56","guid":{"rendered":"https:\/\/escofetoliver.com\/botiga\/sin%20categor\u00eda\/chorizo-asturiano\/"},"modified":"2025-10-02T12:26:40","modified_gmt":"2025-10-02T10:26:40","slug":"choriizo-asturias","status":"publish","type":"product","link":"https:\/\/escofetoliver.com\/es\/tienda\/embutidos\/curados\/choriizo-asturias\/","title":{"rendered":"Chorizo Asturiano &#8211; 3 unidades &#8211; 200 g"},"content":{"rendered":"<p><span>El\u00a0<\/span><span>Chorizo<\/span><span>\u00a0m\u00e1s tradicional de Asturias. Elaborado seg\u00fan la tradici\u00f3n, con madera de roble y respetando los tiempos de curaci\u00f3n y ahumado, todo para obtener su tono de rojo intenso y el sabor inconfundiblemente picante.<\/span><\/p>\n<p>&nbsp;<\/p>\n<p>&nbsp;<\/p>\n","protected":false},"excerpt":{"rendered":"<p>200 g de chorizo de cerdo asturiano. Vienen 3 unidades.<\/p>\n","protected":false},"featured_media":54055,"comment_status":"open","ping_status":"closed","template":"","meta":{"_acf_changed":false},"product_brand":[],"product_cat":[5860,5924],"product_tag":[7519,7530,7535,7536,7546,8951,8952,6002,8955,6014,8956,7495],"class_list":{"0":"post-42799","1":"product","2":"type-product","3":"status-publish","4":"has-post-thumbnail","6":"product_cat-embutidos","7":"product_cat-curados","8":"product_tag-carniceria-online-es","9":"product_tag-carne-online-es","10":"product_tag-carnisseria-online-es","11":"product_tag-carns-escofet-es","12":"product_tag-porc-es","13":"product_tag-botiga-de-carns-es","14":"product_tag-tienda-de-carnes-es","15":"product_tag-cerdo","16":"product_tag-comprar-carne-online-es","17":"product_tag-carn-online","18":"product_tag-precios-carniceria","19":"product_tag-escofet-oliver-es","20":"product_shipping_class-entrega-en-domicilio","22":"first","23":"instock","24":"taxable","25":"shipping-taxable","26":"purchasable","27":"product-type-simple"},"acf":[],"_links":{"self":[{"href":"https:\/\/escofetoliver.com\/es\/wp-json\/wp\/v2\/product\/42799","targetHints":{"allow":["GET"]}}],"collection":[{"href":"https:\/\/escofetoliver.com\/es\/wp-json\/wp\/v2\/product"}],"about":[{"href":"https:\/\/escofetoliver.com\/es\/wp-json\/wp\/v2\/types\/product"}],"replies":[{"embeddable":true,"href":"https:\/\/escofetoliver.com\/es\/wp-json\/wp\/v2\/comments?post=42799"}],"wp:featuredmedia":[{"embeddable":true,"href":"https:\/\/escofetoliver.com\/es\/wp-json\/wp\/v2\/media\/54055"}],"wp:attachment":[{"href":"https:\/\/escofetoliver.com\/es\/wp-json\/wp\/v2\/media?parent=42799"}],"wp:term":[{"taxonomy":"product_brand","embeddable":true,"href":"https:\/\/escofetoliver.com\/es\/wp-json\/wp\/v2\/product_brand?post=42799"},{"taxonomy":"product_cat","embeddable":true,"href":"https:\/\/escofetoliver.com\/es\/wp-json\/wp\/v2\/product_cat?post=42799"},{"taxonomy":"product_tag","embeddable":true,"href":"https:\/\/escofetoliver.com\/es\/wp-json\/wp\/v2\/product_tag?post=42799"}],"curies":[{"name":"wp","href":"https:\/\/api.w.org\/{rel}","templated":true}]}}