{"id":42773,"date":"2022-02-08T12:23:14","date_gmt":"2022-02-08T11:23:14","guid":{"rendered":"https:\/\/escofetoliver.com\/botiga\/sin%20categor\u00eda\/pizza-iberico\/"},"modified":"2023-07-21T12:52:55","modified_gmt":"2023-07-21T10:52:55","slug":"pizza-iberico","status":"publish","type":"product","link":"https:\/\/escofetoliver.com\/es\/tienda\/cocinados-legumbres\/pizza-es\/pizza-iberico\/","title":{"rendered":"Pizza de Jam\u00f3n Ib\u00e9rico &#8211; 440 g"},"content":{"rendered":"<p>Una pizza elaborada con el mejor jam\u00f3n ib\u00e9rico de calidad, siempre natural y de proximidad.<\/p>\n<p>Al\u00e9rgenos: GLUTEN<\/p>\n<p><span>Ingredientes: Base de pizza,\u00a0<\/span><span class=\"hiddenSpellError\" onkeypress=\"MORFOLOGIK_RULE_CA_ES---#---0---#---Possible error ortogr\u00e0fic.---#---t'ometa#tomata#cometa#tomaca#tomates#tomada#tocata#Tomasa#Tomet#Tomeua#Tomeva#comet\u00e9#fumeta#ometa#omet\u00e9#pometa#togata#tomara#tomar\u00e9#tomat#tomatar#tomats#tomava#tom\u00e0tec#topeta#toveta#to mate#toma te#tomat e---#---tomate---#---Base de pizza, tomate, aceite de oliva y virutas de jam\u00f3n ib\u00e9rico.---#---15\">tomate<\/span><span>,\u00a0<\/span><span class=\"hiddenSpellError\" onkeypress=\"MORFOLOGIK_RULE_CA_ES---#---0---#---Possible error ortogr\u00e0fic.---#---accepta#acata#assalta#accepte#asseia#assenta#afaita#Oss\u00e8tia#Acaia#acapta#acapte#acate#acmita#acuita#acuite#afaite#aseta#ase\u00eftat#assalte#assa\u00efna#assa\u00efne#asseifa#assente#assesta#asseste#assetia#assetie#escita#osseta#osse\u00efna---#---aceite---#---Base de pizza, tomate, aceite de oliva y virutas de jam\u00f3n ib\u00e9rico.---#---23\">aceite<\/span><span>\u00a0<\/span><span class=\"hiddenGrammarError\" onkeypress=\"DE_EL_S_APOSTROFEN---#---1---#---Cal apostrofar.---#---d'oliva---#---de oliva---#---Base de pizza, tomate, aceite de oliva y virutas de jam\u00f3n ib\u00e9rico.---#---30\">de oliva<\/span><span>\u00a0<\/span><span class=\"hiddenGrammarError\" onkeypress=\"Y_CONJUNCIO---#---1---#---Si \u00e9s conjunci\u00f3, cal escriure \u00abi\u00bb.---#---i---#---y---#---Base de pizza, tomate, aceite de oliva y virutas de jam\u00f3n ib\u00e9rico.---#---39\">y<\/span><span>\u00a0<\/span><span class=\"hiddenSpellError\" onkeypress=\"MORFOLOGIK_RULE_CA_ES---#---0---#---Possible error ortogr\u00e0fic.---#---brutes#bigotes#brotes#biotes#brot\u00e0s#mirotes#viroles#virol\u00e0s#virones#viroses#virostes#virotges#virots---#---virutas---#---Base de pizza, tomate, aceite de oliva y virutas de jam\u00f3n ib\u00e9rico.---#---43\">virutas<\/span><span>\u00a0de\u00a0<\/span><span class=\"hiddenSpellError\" onkeypress=\"MORFOLOGIK_RULE_CA_ES---#---0---#---Possible error ortogr\u00e0fic.---#---Ramon#Jal\u00f3n#Jaumon#J\u00e0son#jalon#ja m\u00f3n---#---jam\u00f3n---#---Base de pizza, tomate, aceite de oliva y virutas de jam\u00f3n ib\u00e9rico.---#---43\">jam\u00f3n<\/span><span>\u00a0<\/span><span class=\"hiddenSpellError\" onkeypress=\"MORFOLOGIK_RULE_CA_ES---#---0---#---Possible error ortogr\u00e0fic.---#---ib\u00e8rica#ib\u00e8ric#ib\u00e8rics---#---ib\u00e9rico---#---Base de pizza, tomate, aceite de oliva y virutas de jam\u00f3n ib\u00e9rico.---#---43\">ib\u00e9rico<\/span><span>.<\/span><\/p>\n<p><span>Caducidad: Consumir\u00a0<\/span><span class=\"hiddenGrammarError\" onkeypress=\"ANTES---#---1---#---\u00bfVol\u00edeu dir \u00ababans\u00bb? Una \u00abanta\u00bb \u00e9s un tipus de &lt;br\/&gt;pilar.---#---abans---#---antes---#---Consumir antes de 2 d\u00edas, una vez abierta la bandeja.---#---43\" style=\"padding-bottom: 2px; background-image: url('..\/..\/..\/..\/..\/images\/squiggle.png'); background-repeat: repeat-x; background-position: left bottom; cursor: default; color: #000000; font-family: 'Open Sans', Helvetica, Arial, sans-serif; font-size: 16px; font-style: normal; font-variant-ligatures: normal; font-variant-caps: normal; font-weight: 300; letter-spacing: normal; orphans: 2; text-align: start; text-indent: 0px; text-transform: none; white-space: normal; widows: 2; word-spacing: 0px; -webkit-text-stroke-width: 0px; text-decoration-thickness: initial; text-decoration-style: initial; text-decoration-color: initial;\">antes<\/span><span>\u00a0de 2\u00a0<\/span><span class=\"hiddenGrammarError\" onkeypress=\"CA_SIMPLE_REPLACE_D\u00cdAS---#---0---#---\u00bfVol\u00edeu dir \u00abdies\u00bb?---#---dies---#---d\u00edas---#---Consumir antes de 2 d\u00edas, una vez abierta la bandeja.---#---43\">d\u00edas<\/span><span>, una\u00a0<\/span><span class=\"hiddenSpellError\" onkeypress=\"MORFOLOGIK_RULE_CA_ES---#---0---#---Possible error ortogr\u00e0fic.---#---va#b\u00e9#van#ben#vam#veu#ve#val#vas#bar#be#ve\u00ed#ver#ves#bel#vau#ven#vet#v\u00e9s#bat#bes#bec#beu#vel#bac#bas#Veo#baf#bah#ban#bai#bei#var#bad#v\u00e9u#vag#Var#Vea#Vet#Ve\u00ed#bau#bav#ba\u00ed#ba\u00ef#bef#be\u00e7#vac#ved#vex---#---vez---#---Consumir antes de 2 d\u00edas, una vez abierta la bandeja.---#---43\">vez<\/span><span>\u00a0<\/span><span class=\"hiddenSpellError\" onkeypress=\"MORFOLOGIK_RULE_CA_ES---#---0---#---Possible error ortogr\u00e0fic.---#---aviaria#abarta#aviara#aviar\u00e0---#---abierta---#---Consumir antes de 2 d\u00edas, una vez abierta la bandeja.---#---43\">abierta<\/span><span>\u00a0la bandeja. Conservar entre 0\u00b0\u00a0<\/span><span class=\"hiddenGrammarError\" onkeypress=\"Y_CONJUNCIO---#---1---#---Si \u00e9s conjunci\u00f3, cal escriure \u00abi\u00bb.---#---i---#---y---#---Conservar entre 0\u00b0 y 4\u00b0.---#---43\">y<\/span><span>\u00a04\u00b0.<\/span><\/p>\n","protected":false},"excerpt":{"rendered":"<p>Bolsa al vac\u00edo con una pizza mediana de 440 g (base e ingredientes).<\/p>\n","protected":false},"featured_media":47205,"comment_status":"open","ping_status":"closed","template":"","meta":{"_acf_changed":false},"product_brand":[],"product_cat":[5904],"product_tag":[8382,8383,8732,7495,7496,8115,8148,8196,8231],"class_list":{"0":"post-42773","1":"product","2":"type-product","3":"status-publish","4":"has-post-thumbnail","6":"product_cat-pizza-es","7":"product_tag-pizzas-es","8":"product_tag-pizzas-caseras-es","9":"product_tag-producto-natural-es-2","10":"product_tag-escofet-oliver-es","11":"product_tag-carns-escofet-oliver-es","12":"product_tag-tradicional-es","13":"product_tag-artesa-es","14":"product_tag-queso-es","15":"product_tag-jamon-y-queso-es","16":"product_shipping_class-entrega-en-domicilio","17":"pa_presentacio-envase-es","19":"first","20":"instock","21":"taxable","22":"shipping-taxable","23":"purchasable","24":"product-type-simple"},"acf":[],"_links":{"self":[{"href":"https:\/\/escofetoliver.com\/es\/wp-json\/wp\/v2\/product\/42773","targetHints":{"allow":["GET"]}}],"collection":[{"href":"https:\/\/escofetoliver.com\/es\/wp-json\/wp\/v2\/product"}],"about":[{"href":"https:\/\/escofetoliver.com\/es\/wp-json\/wp\/v2\/types\/product"}],"replies":[{"embeddable":true,"href":"https:\/\/escofetoliver.com\/es\/wp-json\/wp\/v2\/comments?post=42773"}],"wp:featuredmedia":[{"embeddable":true,"href":"https:\/\/escofetoliver.com\/es\/wp-json\/wp\/v2\/media\/47205"}],"wp:attachment":[{"href":"https:\/\/escofetoliver.com\/es\/wp-json\/wp\/v2\/media?parent=42773"}],"wp:term":[{"taxonomy":"product_brand","embeddable":true,"href":"https:\/\/escofetoliver.com\/es\/wp-json\/wp\/v2\/product_brand?post=42773"},{"taxonomy":"product_cat","embeddable":true,"href":"https:\/\/escofetoliver.com\/es\/wp-json\/wp\/v2\/product_cat?post=42773"},{"taxonomy":"product_tag","embeddable":true,"href":"https:\/\/escofetoliver.com\/es\/wp-json\/wp\/v2\/product_tag?post=42773"}],"curies":[{"name":"wp","href":"https:\/\/api.w.org\/{rel}","templated":true}]}}