{"id":42540,"date":"2022-01-28T10:16:04","date_gmt":"2022-01-28T09:16:04","guid":{"rendered":"https:\/\/escofetoliver.com\/botiga\/sin%20categor\u00eda\/rende-masdeu-inquiet\/"},"modified":"2023-09-13T17:52:01","modified_gmt":"2023-09-13T15:52:01","slug":"rende-masdeu-inquiet","status":"publish","type":"product","link":"https:\/\/escofetoliver.com\/es\/tienda\/despensa\/vinos-cavas\/rende-masdeu-inquiet\/","title":{"rendered":"Rend\u00e9 Masd\u00e9u Inquiet &#8211; 75 CL"},"content":{"rendered":"<p>El Rend\u00e9 Masd\u00e9u Inquiet es un vino de color rub\u00ed intenso, caracterizado por una aroma de frutos secos con unos matices bals\u00e1micos y un sabor afrutado y fresco.<\/p>\n<p>Composici\u00f3n: Variedades: Trepat 75% Syrah 25% (v<span>endimia manual, derrapado, maceraci\u00f3n y fermentaci\u00f3n tradicional. Embotellado en primavera).<\/span><\/p>\n","protected":false},"excerpt":{"rendered":"<p>Botella de vino de 75 CL.<\/p>\n<p><span style=\"font-size: 8pt;\"><strong>*Prohibida la venta de productos alcoh\u00f3licos para menores de 18 a\u00f1os.<\/strong><\/span><\/p>\n","protected":false},"featured_media":45795,"comment_status":"open","ping_status":"closed","template":"","meta":{"_acf_changed":false},"product_brand":[],"product_cat":[5866,5934],"product_tag":[],"class_list":{"0":"post-42540","1":"product","2":"type-product","3":"status-publish","4":"has-post-thumbnail","6":"product_cat-despensa","7":"product_cat-vinos-cavas","9":"first","10":"instock","11":"taxable","12":"shipping-taxable","13":"purchasable","14":"product-type-simple"},"acf":[],"_links":{"self":[{"href":"https:\/\/escofetoliver.com\/es\/wp-json\/wp\/v2\/product\/42540","targetHints":{"allow":["GET"]}}],"collection":[{"href":"https:\/\/escofetoliver.com\/es\/wp-json\/wp\/v2\/product"}],"about":[{"href":"https:\/\/escofetoliver.com\/es\/wp-json\/wp\/v2\/types\/product"}],"replies":[{"embeddable":true,"href":"https:\/\/escofetoliver.com\/es\/wp-json\/wp\/v2\/comments?post=42540"}],"wp:featuredmedia":[{"embeddable":true,"href":"https:\/\/escofetoliver.com\/es\/wp-json\/wp\/v2\/media\/45795"}],"wp:attachment":[{"href":"https:\/\/escofetoliver.com\/es\/wp-json\/wp\/v2\/media?parent=42540"}],"wp:term":[{"taxonomy":"product_brand","embeddable":true,"href":"https:\/\/escofetoliver.com\/es\/wp-json\/wp\/v2\/product_brand?post=42540"},{"taxonomy":"product_cat","embeddable":true,"href":"https:\/\/escofetoliver.com\/es\/wp-json\/wp\/v2\/product_cat?post=42540"},{"taxonomy":"product_tag","embeddable":true,"href":"https:\/\/escofetoliver.com\/es\/wp-json\/wp\/v2\/product_tag?post=42540"}],"curies":[{"name":"wp","href":"https:\/\/api.w.org\/{rel}","templated":true}]}}