{"id":40987,"date":"2021-11-09T13:10:07","date_gmt":"2021-11-09T11:10:07","guid":{"rendered":"http:\/\/carnescofetacasa.com\/botiga\/sin%20categor\u00eda\/hojas-de-oregano-burriac-1-unidad-6-g\/"},"modified":"2023-05-23T10:17:14","modified_gmt":"2023-05-23T08:17:14","slug":"hojas-de-oregano-burriac-1-unidad-6-g","status":"publish","type":"product","link":"https:\/\/escofetoliver.com\/es\/tienda\/despensa\/salsas-condimentos-y-especias\/hojas-de-oregano-burriac-1-unidad-6-g\/","title":{"rendered":"Hojas de Or\u00e9gano Burriac &#8211; 1 unidad &#8211; 6 g"},"content":{"rendered":"<p>El or\u00e9gano de Burriac es una opci\u00f3n muy vers\u00e1til para nuestra cocina, ya que da un matiz mediterr\u00e1neo a nuestras ensaladas, quesos, guisos o pastas, entre tantos otros platos.<\/p>\n<p><strong>Sin al\u00e9rgenos.<\/strong><\/p>\n<p><strong>Ingredientes<\/strong>:<\/p>\n<p><span>Hojas y sumidades floridas, sanas, limpias y desecadas, de la\u00a0<\/span><span class=\"hiddenSpellError\" onkeypress=\"MORFOLOGIK_RULE_ES---#---undefined---#---Se ha encontrado un posible error ortogr\u00e1fico.---#---Origen#Original#Or\u00edgenes#\u00d3rgano#\u00d3rganos#Origina#Origin\u00f3#Originan#Originar#Origine#Or\u00e9gano#Org\u00e1nulo#Originen#Origines#Origino#Orinando#Oigan#Orinan#Rijan#Organd\u00ed#Erijan#Originas#Origin\u00e9#Organy\u00e0#Oriana#Oriano#Brigante#Er\u00edjanla#Er\u00edjanle#Er\u00edjanlo#Er\u00edjanme#Er\u00edjanos#Er\u00edjanse#Er\u00edjante#Orejana#Orejanas#Orejano#Orejanos#Organza#Origami#Origamis#Originad#Originame#Origin\u00e1#Origin\u00e1s#Orig\u00edname#Orig\u00edneme#Orinanos#Or\u00e9ganos#Or\u00ednanos#R\u00edjanla#R\u00edjanle#R\u00edjanlo#R\u00edjanme#R\u00edjanos#R\u00edjanse#R\u00edjante#\u00d3iganla#\u00d3iganle#\u00d3iganlo#\u00d3iganme#\u00d3iganos#\u00d3iganse#\u00d3igante#\u00d3rganon---#---Origanum\">Origanum<\/span><span>\u00a0<\/span><span class=\"hiddenSpellError\" onkeypress=\"MORFOLOGIK_RULE_ES---#---undefined---#---Se ha encontrado un posible error ortogr\u00e1fico.---#---b\u00falgaro#vulgar#b\u00falgara#vulgares#vulgar e---#---vulgare\">vulgare<\/span><span>.<\/span><\/p>\n","protected":false},"excerpt":{"rendered":"<p>El or\u00e9gano de Burriac es una opci\u00f3n muy vers\u00e1til para nuestra cocina, ya que da un matiz mediterr\u00e1neo a nuestras ensaladas, quesos, guisos o pastas, entre tantos otros platos. Sin al\u00e9rgenos. Ingredientes: Hojas y sumidades floridas, sanas, limpias y desecadas, de la\u00a0Origanum\u00a0vulgare.<\/p>\n","protected":false},"featured_media":40070,"comment_status":"open","ping_status":"closed","template":"","meta":{"_acf_changed":false},"product_brand":[],"product_cat":[5866,5914],"product_tag":[],"class_list":{"0":"post-40987","1":"product","2":"type-product","3":"status-publish","4":"has-post-thumbnail","6":"product_cat-despensa","7":"product_cat-salsas-condimentos-y-especias","8":"product_shipping_class-entrega-en-domicilio","9":"pa_presentacio-envase-es","11":"first","12":"instock","13":"taxable","14":"shipping-taxable","15":"purchasable","16":"product-type-simple"},"acf":[],"_links":{"self":[{"href":"https:\/\/escofetoliver.com\/es\/wp-json\/wp\/v2\/product\/40987","targetHints":{"allow":["GET"]}}],"collection":[{"href":"https:\/\/escofetoliver.com\/es\/wp-json\/wp\/v2\/product"}],"about":[{"href":"https:\/\/escofetoliver.com\/es\/wp-json\/wp\/v2\/types\/product"}],"replies":[{"embeddable":true,"href":"https:\/\/escofetoliver.com\/es\/wp-json\/wp\/v2\/comments?post=40987"}],"wp:featuredmedia":[{"embeddable":true,"href":"https:\/\/escofetoliver.com\/es\/wp-json\/wp\/v2\/media\/40070"}],"wp:attachment":[{"href":"https:\/\/escofetoliver.com\/es\/wp-json\/wp\/v2\/media?parent=40987"}],"wp:term":[{"taxonomy":"product_brand","embeddable":true,"href":"https:\/\/escofetoliver.com\/es\/wp-json\/wp\/v2\/product_brand?post=40987"},{"taxonomy":"product_cat","embeddable":true,"href":"https:\/\/escofetoliver.com\/es\/wp-json\/wp\/v2\/product_cat?post=40987"},{"taxonomy":"product_tag","embeddable":true,"href":"https:\/\/escofetoliver.com\/es\/wp-json\/wp\/v2\/product_tag?post=40987"}],"curies":[{"name":"wp","href":"https:\/\/api.w.org\/{rel}","templated":true}]}}